{"id":1144,"date":"2013-11-10T20:25:07","date_gmt":"2013-11-10T18:25:07","guid":{"rendered":"http:\/\/flygplats.sjoboflyg.se\/?page_id=1144"},"modified":"2024-10-31T16:07:32","modified_gmt":"2024-10-31T14:07:32","slug":"revision","status":"publish","type":"page","link":"https:\/\/flygplats.sjoboflyg.se\/?page_id=1144","title":{"rendered":"Revision"},"content":{"rendered":"<p><span style=\"font-family: trebuchet ms,geneva; font-size: medium;\">Revisionshistorik<\/span><\/p>\n<table style=\"height: 1128px;\" border=\"0\">\n<tbody>\n<tr style=\"height: 24px;\">\n<td style=\"width: 81.0156px; height: 24px;\"><span style=\"font-family: trebuchet ms,geneva; font-size: medium;\">\u00a0Datum<\/span><\/td>\n<td style=\"width: 624px; height: 24px;\"><span style=\"font-family: trebuchet ms,geneva; font-size: medium;\">\u00a0Titel<\/span><\/td>\n<td style=\"width: 121.328px; height: 24px;\"><span style=\"font-family: trebuchet ms,geneva; font-size: medium;\">\u00a0Anm\u00e4rkning<\/span><\/td>\n<\/tr>\n<tr style=\"height: 24px;\">\n<td style=\"width: 81.0156px; height: 24px;\">20241031<\/td>\n<td style=\"width: 624px; height: 24px;\"><a href=\"http:\/\/flygplats.sjoboflyg.se\/wp-content\/uploads\/2024\/10\/Protokoll-Presto-2024.pdf\">Underh\u00e5llsprotokoll Presto 2024<\/a><\/td>\n<td style=\"width: 121.328px; height: 24px;\"><\/td>\n<\/tr>\n<tr style=\"height: 24px;\">\n<td style=\"width: 81.0156px; height: 24px;\">20241002<\/td>\n<td style=\"width: 624px; height: 24px;\"><a href=\"https:\/\/flygplats.sjoboflyg.se\/?page_id=250\">F\u00e4ltm\u00f6te 2024<\/a><\/td>\n<td style=\"width: 121.328px; height: 24px;\"><\/td>\n<\/tr>\n<tr style=\"height: 24px;\">\n<td style=\"width: 81.0156px; height: 24px;\">20240902<\/td>\n<td style=\"width: 624px; height: 24px;\"><a href=\"https:\/\/flygplats.sjoboflyg.se\/?page_id=107\">Bygglov br\u00e4nsleupplag<\/a><\/td>\n<td style=\"width: 121.328px; height: 24px;\"><\/td>\n<\/tr>\n<tr style=\"height: 24px;\">\n<td style=\"width: 81.0156px; height: 24px;\">20240614<\/td>\n<td style=\"width: 624px; height: 24px;\"><a href=\"http:\/\/flygplats.sjoboflyg.se\/wp-content\/uploads\/2024\/06\/Rapportmiljoskyddsinspektion_567102.pdf\">Milj\u00f6skyddstillsyn 2024<\/a><\/td>\n<td style=\"width: 121.328px; height: 24px;\"><\/td>\n<\/tr>\n<tr style=\"height: 24px;\">\n<td style=\"width: 81.0156px; height: 24px;\">20230912<\/td>\n<td style=\"width: 624px; height: 24px;\"><a href=\"http:\/\/flygplats.sjoboflyg.se\/wp-content\/uploads\/2023\/12\/Rapportmiljoskyddsinspektion_542956.pdf\">Milj\u00f6skyddstillsyn<\/a><\/td>\n<td style=\"width: 121.328px; height: 24px;\"><\/td>\n<\/tr>\n<tr style=\"height: 24px;\">\n<td style=\"width: 81.0156px; height: 24px;\">20230429<\/td>\n<td style=\"width: 624px; height: 24px;\"><a href=\"http:\/\/flygplats.sjoboflyg.se\/?page_id=250\">Flygf\u00e4ltsm\u00f6te 2023<\/a><\/td>\n<td style=\"width: 121.328px; height: 24px;\"><\/td>\n<\/tr>\n<tr style=\"height: 24px;\">\n<td style=\"width: 81.0156px; height: 24px;\">20230315<\/td>\n<td style=\"width: 624px; height: 24px;\"><a href=\"http:\/\/flygplats.sjoboflyg.se\/?page_id=107\">Kontrollrapport ny cistern flygbr\u00e4nsle<\/a><\/td>\n<td style=\"width: 121.328px; height: 24px;\"><\/td>\n<\/tr>\n<tr style=\"height: 24px;\">\n<td style=\"width: 81.0156px; height: 24px;\">20221110<\/td>\n<td style=\"width: 624px; height: 24px;\"><a href=\"http:\/\/flygplats.sjoboflyg.se\/?page_id=250\">Milj\u00f6inspektion<\/a><\/td>\n<td style=\"width: 121.328px; height: 24px;\"><\/td>\n<\/tr>\n<tr style=\"height: 24px;\">\n<td style=\"width: 81.0156px; height: 24px;\">20230220<\/td>\n<td style=\"width: 624px; height: 24px;\"><a href=\"http:\/\/flygplats.sjoboflyg.se\/?page_id=107\">Kontrollrapport-\u00c5terkommande-135548-Sj\u00f6bo-Flygklubb-2022-12-15.pdf<\/a><\/td>\n<td style=\"width: 121.328px; height: 24px;\">12 \u00e5r<\/td>\n<\/tr>\n<tr style=\"height: 24px;\">\n<td style=\"width: 81.0156px; height: 24px;\">20221001<\/td>\n<td style=\"width: 624px; height: 24px;\"><a href=\"http:\/\/flygplats.sjoboflyg.se\/?page_id=107\">Presto underh\u00e5llsrapport 2022<\/a><\/td>\n<td style=\"width: 121.328px; height: 24px;\"><\/td>\n<\/tr>\n<tr style=\"height: 24px;\">\n<td style=\"width: 81.0156px; height: 24px;\">20220703<\/td>\n<td style=\"width: 624px; height: 24px;\"><a href=\"http:\/\/flygplats.sjoboflyg.se\/wp-content\/uploads\/2022\/07\/20220703-Flygplatsm\u00f6te-1.pdf\">Flygplatsm\u00f6te<\/a><\/td>\n<td style=\"width: 121.328px; height: 24px;\"><\/td>\n<\/tr>\n<tr style=\"height: 24px;\">\n<td style=\"width: 81.0156px; height: 24px;\">20220212<\/td>\n<td style=\"width: 624px; height: 24px;\"><a href=\"http:\/\/flygplats.sjoboflyg.se\/?page_id=107\">Kr\u00f6ning tankpump, PTS Faststation<\/a><\/td>\n<td style=\"width: 121.328px; height: 24px;\"><\/td>\n<\/tr>\n<tr style=\"height: 24px;\">\n<td style=\"width: 81.0156px; height: 24px;\">20210921<\/td>\n<td style=\"width: 624px; height: 24px;\"><a href=\"http:\/\/flygplats.sjoboflyg.se\/wp-content\/uploads\/2021\/09\/CO-62173-0001_1.-Brand-och-skyddsutrustning_2021-09-13-Sj%C3%B6bo-Flygklubb-1.pdf\">Presto underh\u00e5llsrapport 2021<\/a><\/td>\n<td style=\"width: 121.328px; height: 24px;\"><\/td>\n<\/tr>\n<tr style=\"height: 24px;\">\n<td style=\"width: 81.0156px; height: 24px;\">20210327<\/td>\n<td style=\"width: 624px; height: 24px;\"><a href=\"http:\/\/flygplats.sjoboflyg.se\/?page_id=250\">Drifthandbok Sj\u00f6bo-S\u00f6vde flygplats (ESMI) \u00bb Uppf\u00f6ljning (sjoboflyg.se)<\/a><\/td>\n<td style=\"width: 121.328px; height: 24px;\"><\/td>\n<\/tr>\n<tr style=\"height: 24px;\">\n<td style=\"width: 81.0156px; height: 24px;\">20201001<\/td>\n<td style=\"width: 624px; height: 24px;\"><a href=\"http:\/\/flygplats.sjoboflyg.se\/?page_id=107\">Presto underh\u00e5llsrapport<\/a><\/td>\n<td style=\"width: 121.328px; height: 24px;\"><\/td>\n<\/tr>\n<tr style=\"height: 24px;\">\n<td style=\"width: 81.0156px; height: 24px;\">20200925<\/td>\n<td style=\"width: 624px; height: 24px;\"><a href=\"http:\/\/flygplats.sjoboflyg.se\/?page_id=250\">Milj\u00f6inspektiom<\/a><\/td>\n<td style=\"width: 121.328px; height: 24px;\"><\/td>\n<\/tr>\n<tr style=\"height: 24px;\">\n<td style=\"width: 81.0156px; height: 24px;\">20200609<\/td>\n<td style=\"width: 624px; height: 24px;\"><a href=\"http:\/\/flygplats.sjoboflyg.se\/?page_id=250\"><span style=\"font-family: trebuchet ms,geneva; font-size: medium;\">ESMI Flygplatsm\u00f6te<\/span><\/a><\/td>\n<td style=\"width: 121.328px; height: 24px;\"><\/td>\n<\/tr>\n<tr style=\"height: 24px;\">\n<td style=\"width: 81.0156px; height: 24px;\">191111<\/td>\n<td style=\"width: 624px; height: 24px;\"><span style=\"font-family: trebuchet ms,geneva; font-size: medium;\"><a href=\"http:\/\/flygplats.sjoboflyg.se\/wp-content\/uploads\/2019\/11\/Kr\u00f6ning-2019-IMG_0227.jpg\">Kr\u00f6ning bensinpump<\/a><br \/>\n<\/span><\/td>\n<td style=\"width: 121.328px; height: 24px;\"><\/td>\n<\/tr>\n<tr style=\"height: 24px;\">\n<td style=\"width: 81.0156px; height: 24px;\">190614<span style=\"font-family: trebuchet ms,geneva; font-size: medium;\"><br \/>\n<\/span><\/td>\n<td style=\"width: 624px; height: 24px;\"><a href=\"http:\/\/flygplats.sjoboflyg.se\/wp-content\/uploads\/2019\/06\/Beslut-TKN-2019-06-04F\u00f6rs\u00e4kran-om-framtida-arrende-f\u00f6r-Sj\u00f6bo-S\u00f6vde-flygplats.pdf\"><span style=\"font-family: trebuchet ms,geneva; font-size: medium;\">F\u00f6rs\u00e4kran-om-framtida-arrende-f\u00f6r-Sj\u00f6bo-S\u00f6vde-flygplats.pdf<\/span><\/a><\/td>\n<td style=\"width: 121.328px; height: 24px;\"><\/td>\n<\/tr>\n<tr style=\"height: 24px;\">\n<td style=\"width: 81.0156px; height: 24px;\"><span style=\"font-family: trebuchet ms,geneva; font-size: medium;\">190501<\/span><\/td>\n<td style=\"width: 624px; height: 24px;\"><span style=\"font-family: trebuchet ms,geneva; font-size: medium;\"><a href=\"http:\/\/flygplats.sjoboflyg.se\/wp-content\/uploads\/2019\/04\/TSFS-2019_26.pdf\">TSFS 2019:26<\/a><br \/>\n<\/span><\/td>\n<td style=\"width: 121.328px; height: 24px;\"><\/td>\n<\/tr>\n<tr style=\"height: 24px;\">\n<td style=\"width: 81.0156px; height: 24px;\"><span style=\"font-family: trebuchet ms,geneva; font-size: medium;\">190101<br \/>\n<\/span><\/td>\n<td style=\"width: 624px; height: 24px;\"><a href=\"http:\/\/flygplats.sjoboflyg.se\/?page_id=107\"><span style=\"font-family: trebuchet ms,geneva; font-size: medium;\">PTS tillst\u00e5nd<\/span><\/a><\/td>\n<td style=\"width: 121.328px; height: 24px;\"><\/td>\n<\/tr>\n<tr style=\"height: 24px;\">\n<td style=\"width: 81.0156px; height: 24px;\"><span style=\"font-family: trebuchet ms,geneva; font-size: medium;\">181108<br \/>\n<\/span><\/td>\n<td style=\"width: 624px; height: 24px;\"><span style=\"font-family: trebuchet ms,geneva; font-size: medium;\"><a href=\"http:\/\/flygplats.sjoboflyg.se\/?page_id=250\">Milj\u00f6inspektion<\/a><br \/>\n<\/span><\/td>\n<td style=\"width: 121.328px; height: 24px;\"><\/td>\n<\/tr>\n<tr style=\"height: 24px;\">\n<td style=\"width: 81.0156px; height: 24px;\"><span style=\"font-family: trebuchet ms,geneva; font-size: medium;\">180727<\/span><\/td>\n<td style=\"width: 624px; height: 24px;\"><a href=\"http:\/\/flygplats.sjoboflyg.se\/?page_id=107\"><span style=\"font-family: trebuchet ms,geneva; font-size: medium;\">Presto underh\u00e5llsprotokoll<\/span><\/a><\/td>\n<td style=\"width: 121.328px; height: 24px;\"><\/td>\n<\/tr>\n<tr style=\"height: 24px;\">\n<td style=\"width: 81.0156px; height: 24px;\"><span style=\"font-family: trebuchet ms,geneva; font-size: medium;\">180325<\/span><\/td>\n<td style=\"width: 624px; height: 24px;\"><a href=\"http:\/\/flygplats.sjoboflyg.se\/?page_id=250\"><span style=\"font-family: trebuchet ms,geneva; font-size: medium;\">Flygf\u00e4ltsm\u00f6te<\/span><\/a><\/td>\n<td style=\"width: 121.328px; height: 24px;\"><\/td>\n<\/tr>\n<tr style=\"height: 24px;\">\n<td style=\"width: 81.0156px; height: 24px;\"><span style=\"font-family: trebuchet ms,geneva; font-size: medium;\">\u00a0180218<\/span><\/td>\n<td style=\"width: 624px; height: 24px;\"><span style=\"font-family: trebuchet ms,geneva; font-size: medium;\">\u00a0<a href=\"http:\/\/flygplats.sjoboflyg.se\/wp-content\/uploads\/2018\/02\/PTS-Tillst\u00e5nd-markstation-2018.pdf\">PTS tillst\u00e5nd<\/a><\/span><\/td>\n<td style=\"width: 121.328px; height: 24px;\"><\/td>\n<\/tr>\n<tr style=\"height: 24px;\">\n<td style=\"width: 81.0156px; height: 24px;\"><span style=\"font-family: trebuchet ms,geneva; font-size: medium;\">171108<\/span><\/td>\n<td style=\"width: 624px; height: 24px;\"><span style=\"font-size: medium;\"><a href=\"http:\/\/flygplats.sjoboflyg.se\/?page_id=107\"><span style=\"font-family: trebuchet ms,geneva;\">Kr\u00f6ningsintyg<\/span><\/a><\/span><\/td>\n<td style=\"width: 121.328px; height: 24px;\"><\/td>\n<\/tr>\n<tr style=\"height: 24px;\">\n<td style=\"width: 81.0156px; height: 24px;\"><span style=\"font-family: trebuchet ms,geneva; font-size: medium;\">170705<\/span><\/td>\n<td style=\"width: 624px; height: 24px;\"><span style=\"font-size: medium;\"><a href=\"http:\/\/flygplats.sjoboflyg.se\/wp-content\/uploads\/2009\/10\/Presto-Underh\u00e5llsprotokoll-2017.pdf\"><span style=\"font-family: trebuchet ms,geneva;\">Presto underh\u00e5llsrapport<\/span><\/a><\/span><\/td>\n<td style=\"width: 121.328px; height: 24px;\"><\/td>\n<\/tr>\n<tr style=\"height: 24px;\">\n<td style=\"width: 81.0156px; height: 24px;\"><span style=\"font-family: trebuchet ms,geneva; font-size: medium;\">170408<\/span><\/td>\n<td style=\"width: 624px; height: 24px;\"><a href=\"http:\/\/flygplats.sjoboflyg.se\/?page_id=250\" target=\"_blank\" rel=\"noopener noreferrer\"><span style=\"font-family: trebuchet ms,geneva; font-size: medium;\">F\u00e4ltm\u00f6te<\/span><\/a><\/td>\n<td style=\"width: 121.328px; height: 24px;\"><\/td>\n<\/tr>\n<tr style=\"height: 24px;\">\n<td style=\"width: 81.0156px; height: 24px;\"><span style=\"font-family: trebuchet ms,geneva; font-size: medium;\">161102<\/span><\/td>\n<td style=\"width: 624px; height: 24px;\"><a href=\"http:\/\/flygplats.sjoboflyg.se\/wp-content\/uploads\/2016\/11\/20161102-milj%C3%B6skyddinspektion.pdf\" target=\"_blank\" rel=\"noopener noreferrer\"><span style=\"font-family: trebuchet ms,geneva; font-size: medium;\">Milj\u00f6skyddsrapport<\/span><\/a><\/td>\n<td style=\"width: 121.328px; height: 24px;\"><\/td>\n<\/tr>\n<tr style=\"height: 24px;\">\n<td style=\"width: 81.0156px; height: 24px;\"><span style=\"font-family: trebuchet ms,geneva; font-size: medium;\">\u00a0160808<\/span><\/td>\n<td style=\"width: 624px; height: 24px;\"><a href=\"http:\/\/flygplats.sjoboflyg.se\/wp-content\/uploads\/2009\/10\/20160808-Presto-Underh\u00e5llsprotokoll-1.pdf\" target=\"_blank\" rel=\"noopener noreferrer\"><span style=\"font-family: trebuchet ms,geneva; font-size: medium;\">Presto underh\u00e5llsrapport<\/span><\/a><\/td>\n<td style=\"width: 121.328px; height: 24px;\"><\/td>\n<\/tr>\n<tr style=\"height: 24px;\">\n<td style=\"width: 81.0156px; height: 24px;\"><span style=\"font-family: trebuchet ms,geneva; font-size: medium;\">\u00a0160502<\/span><\/td>\n<td style=\"width: 624px; height: 24px;\"><span style=\"font-family: trebuchet ms,geneva; font-size: medium;\"><a href=\"http:\/\/flygplats.sjoboflyg.se\/wp-content\/uploads\/2009\/10\/20160501-Diplom-brandfarlig-vara-Henrik-Larsson.pdf\">Intyg brandfarlig vara\u00a0<\/a><\/span><\/td>\n<td style=\"width: 121.328px; height: 24px;\">\u00a0Henrik L<\/td>\n<\/tr>\n<tr style=\"height: 24px;\">\n<td style=\"width: 81.0156px; height: 24px;\"><span style=\"font-family: trebuchet ms,geneva; font-size: medium;\">160409<\/span><\/td>\n<td style=\"width: 624px; height: 24px;\"><a href=\"http:\/\/flygplats.sjoboflyg.se\/wp-content\/uploads\/2009\/10\/20160409-Flygplatsm\u00f6te-ESMI.pdf\"><span style=\"font-family: trebuchet ms,geneva; font-size: medium;\">F\u00e4ltm\u00f6te ESMI<\/span><\/a><\/td>\n<td style=\"width: 121.328px; height: 24px;\"><\/td>\n<\/tr>\n<tr style=\"height: 24px;\">\n<td style=\"width: 81.0156px; height: 24px;\"><span style=\"font-family: trebuchet ms,geneva; font-size: medium;\">\u00a0160322<\/span><\/td>\n<td style=\"width: 624px; height: 24px;\"><a href=\"http:\/\/flygplats.sjoboflyg.se\/wp-content\/uploads\/2009\/10\/20160322-Intyg-F\u00f6rest\u00e5ndare-Brandfarlig-Vara-Joakim-M\u00e5rtensson.pdf\" target=\"_blank\" rel=\"noopener noreferrer\"><span style=\"font-family: trebuchet ms,geneva; font-size: medium;\">Intyg brandfarlig vara\u00a0<\/span><\/a><\/td>\n<td style=\"width: 121.328px; height: 24px;\">Joakim M<\/td>\n<\/tr>\n<tr style=\"height: 24px;\">\n<td style=\"width: 81.0156px; height: 24px;\"><span style=\"font-family: trebuchet ms,geneva; font-size: medium;\">150903<\/span><\/td>\n<td style=\"width: 624px; height: 24px;\"><a href=\"http:\/\/flygplats.sjoboflyg.se\/wp-content\/uploads\/2009\/10\/2015-%C3%A5rskontroll.pdf\" target=\"_blank\" rel=\"noopener noreferrer\"><span style=\"font-family: trebuchet ms,geneva; font-size: medium;\">Hjelmco \u00e5rskontroll 2015<\/span><\/a><\/td>\n<td style=\"width: 121.328px; height: 24px;\"><\/td>\n<\/tr>\n<tr style=\"height: 24px;\">\n<td style=\"width: 81.0156px; height: 24px;\"><span style=\"font-family: trebuchet ms,geneva; font-size: medium;\">150624<\/span><\/td>\n<td style=\"width: 624px; height: 24px;\"><span style=\"font-family: trebuchet ms,geneva; font-size: medium;\">\u00a0<a href=\"http:\/\/flygplats.sjoboflyg.se\/?page_id=107\" target=\"_blank\" rel=\"noopener noreferrer\">Presto underh\u00e5llsrapport <\/a><\/span><\/td>\n<td style=\"width: 121.328px; height: 24px;\"><\/td>\n<\/tr>\n<tr style=\"height: 24px;\">\n<td style=\"width: 81.0156px; height: 24px;\"><span style=\"font-family: trebuchet ms,geneva; font-size: medium;\">\u00a0150308<\/span><\/td>\n<td style=\"width: 624px; height: 24px;\"><span style=\"font-family: trebuchet ms,geneva; font-size: medium;\">\u00a0<a href=\"http:\/\/flygplats.sjoboflyg.se\/wp-content\/uploads\/2009\/10\/20150328-Flygplatsm%C3%B6te-ESMI.pdf\" target=\"_blank\" rel=\"noopener noreferrer\">F\u00e4ltm\u00f6te ESMI<\/a><\/span><\/td>\n<td style=\"width: 121.328px; height: 24px;\"><\/td>\n<\/tr>\n<tr style=\"height: 24px;\">\n<td style=\"width: 81.0156px; height: 24px;\"><span style=\"font-family: trebuchet ms,geneva; font-size: medium;\">\u00a0150304<\/span><\/td>\n<td style=\"width: 624px; height: 24px;\"><a href=\"http:\/\/flygplats.sjoboflyg.se\/?page_id=107\"><span style=\"font-family: trebuchet ms,geneva; font-size: medium;\">\u00a0Bygglov brandfarlig vara<\/span><\/a><\/td>\n<td style=\"width: 121.328px; height: 24px;\"><\/td>\n<\/tr>\n<tr style=\"height: 24px;\">\n<td style=\"width: 81.0156px; height: 24px;\"><span style=\"font-family: trebuchet ms,geneva; font-size: medium;\">150326<\/span><\/td>\n<td style=\"width: 624px; height: 24px;\"><a href=\"http:\/\/flygplats.sjoboflyg.se\/wp-content\/uploads\/2009\/10\/R%C3%B6da-ladan-ritning-interi%C3%B6rt.pdf\" target=\"_blank\" rel=\"noopener noreferrer\"><span style=\"font-family: trebuchet ms,geneva; font-size: medium;\">\u00a0R\u00f6da ladan interi\u00f6rt<\/span><\/a><\/td>\n<td style=\"width: 121.328px; height: 24px;\"><\/td>\n<\/tr>\n<tr style=\"height: 24px;\">\n<td style=\"width: 81.0156px; height: 24px;\"><span style=\"font-family: trebuchet ms,geneva; font-size: medium;\">\u00a0141111<\/span><\/td>\n<td style=\"width: 624px; height: 24px;\"><span style=\"font-family: trebuchet ms,geneva; font-size: medium;\">\u00a0<a href=\"http:\/\/flygplats.sjoboflyg.se\/wp-content\/uploads\/2009\/10\/20141111PTS.pdf\" target=\"_blank\" rel=\"noopener noreferrer\">PTS tillst\u00e5nd<\/a><\/span><\/td>\n<td style=\"width: 121.328px; height: 24px;\"><\/td>\n<\/tr>\n<tr style=\"height: 24px;\">\n<td style=\"width: 81.0156px; height: 24px;\"><span style=\"font-family: trebuchet ms,geneva; font-size: medium;\">\u00a0140821<\/span><\/td>\n<td style=\"width: 624px; height: 24px;\"><span style=\"font-family: trebuchet ms,geneva; font-size: medium;\">\u00a0<a href=\"http:\/\/flygplats.sjoboflyg.se\/?page_id=107\" target=\"_blank\" rel=\"noopener noreferrer\">Presto \u00e5rskontroll<\/a><\/span><\/td>\n<td style=\"width: 121.328px; height: 24px;\"><\/td>\n<\/tr>\n<tr style=\"height: 24px;\">\n<td style=\"width: 81.0156px; height: 24px;\"><span style=\"font-family: trebuchet ms,geneva; font-size: medium;\">\u00a0140624<\/span><\/td>\n<td style=\"width: 624px; height: 24px;\"><span style=\"font-family: trebuchet ms,geneva; font-size: medium;\">\u00a0<a href=\"http:\/\/flygplats.sjoboflyg.se\/?page_id=107\" target=\"_blank\" rel=\"noopener noreferrer\">Kvitto \u00e5rskontroll brandsl.<\/a><\/span><\/td>\n<td style=\"width: 121.328px; height: 24px;\"><\/td>\n<\/tr>\n<tr style=\"height: 24px;\">\n<td style=\"width: 81.0156px; height: 24px;\"><span style=\"font-family: trebuchet ms,geneva; font-size: medium;\">\u00a0131109\u00a0\u00a0 \u00a0<\/span><\/td>\n<td style=\"width: 624px; height: 24px;\"><span style=\"font-family: trebuchet ms,geneva; font-size: medium;\">\u00a0<a href=\"http:\/\/flygplats.sjoboflyg.se\/?page_id=250\" target=\"_blank\" rel=\"noopener noreferrer\">Protokoll Flygplatsm\u00f6te ESMI<\/a>\u00a0\u00a0 <\/span><\/td>\n<td style=\"width: 121.328px; height: 24px;\"><span style=\"font-family: trebuchet ms,geneva; font-size: medium;\"><a href=\"http:\/\/flygplats.sjoboflyg.se\/?page_id=250\" target=\"_blank\" rel=\"noopener noreferrer\">\u00a0<\/a><\/span><\/td>\n<\/tr>\n<tr style=\"height: 24px;\">\n<td style=\"width: 81.0156px; height: 24px;\"><span style=\"font-family: trebuchet ms,geneva; font-size: medium;\">\u00a0131024<\/span><\/td>\n<td style=\"width: 624px; height: 24px;\"><span style=\"font-family: trebuchet ms,geneva; font-size: medium;\">\u00a0<a href=\"http:\/\/flygplats.sjoboflyg.se\/?page_id=72\" target=\"_blank\" rel=\"noopener noreferrer\">Lokala f\u00f6reskrifter<\/a><\/span><\/td>\n<td style=\"width: 121.328px; height: 24px;\"><span style=\"font-family: trebuchet ms,geneva; font-size: medium;\">\u00a0Restriktioner<\/span><\/td>\n<\/tr>\n<tr style=\"height: 24px;\">\n<td style=\"width: 81.0156px; height: 24px;\"><span style=\"font-family: trebuchet ms,geneva; font-size: medium;\">\u00a0130901<\/span><\/td>\n<td style=\"width: 624px; height: 24px;\"><span style=\"font-family: trebuchet ms,geneva; font-size: medium;\">\u00a0<a href=\"http:\/\/flygplats.sjoboflyg.se\/?page_id=107\" target=\"_blank\" rel=\"noopener noreferrer\">\u00c5rskontroll Hjelmco<\/a><\/span><\/td>\n<td style=\"width: 121.328px; height: 24px;\"><\/td>\n<\/tr>\n<tr style=\"height: 24px;\">\n<td style=\"width: 81.0156px; height: 24px;\"><span style=\"font-family: trebuchet ms,geneva; font-size: medium;\">\u00a0130709<\/span><\/td>\n<td style=\"width: 624px; height: 24px;\"><span style=\"font-family: trebuchet ms,geneva; font-size: medium;\">\u00a0<a href=\"http:\/\/flygplats.sjoboflyg.se\/?page_id=107\" target=\"_blank\" rel=\"noopener noreferrer\">Presto service\u00a0 brandsl\u00e4ckare<\/a><\/span><\/td>\n<td style=\"width: 121.328px; height: 24px;\"><\/td>\n<\/tr>\n<tr style=\"height: 24px;\">\n<td style=\"width: 81.0156px; height: 24px;\"><span style=\"font-family: trebuchet ms,geneva; font-size: medium;\">\u00a0130523<\/span><\/td>\n<td style=\"width: 624px; height: 24px;\"><span style=\"font-family: trebuchet ms,geneva; font-size: medium;\">\u00a0<a href=\"http:\/\/flygplats.sjoboflyg.se\/?page_id=250\" target=\"_blank\" rel=\"noopener noreferrer\">Protokoll Flygplatsm\u00f6te ESMI<\/a><\/span><\/td>\n<td style=\"width: 121.328px; height: 24px;\"><\/td>\n<\/tr>\n<\/tbody>\n<\/table>\n<p>&nbsp;<\/p>\n","protected":false},"excerpt":{"rendered":"<p>Revisionshistorik \u00a0Datum \u00a0Titel \u00a0Anm\u00e4rkning 20241031 Underh\u00e5llsprotokoll Presto 2024 20241002 F\u00e4ltm\u00f6te 2024 20240902 Bygglov br\u00e4nsleupplag 20240614 Milj\u00f6skyddstillsyn 2024 20230912 Milj\u00f6skyddstillsyn 20230429 Flygf\u00e4ltsm\u00f6te 2023 20230315 Kontrollrapport ny cistern flygbr\u00e4nsle 20221110 Milj\u00f6inspektion 20230220 Kontrollrapport-\u00c5terkommande-135548-Sj\u00f6bo-Flygklubb-2022-12-15.pdf 12 \u00e5r 20221001 Presto underh\u00e5llsrapport 2022 20220703 Flygplatsm\u00f6te 20220212 Kr\u00f6ning tankpump, PTS Faststation 20210921 Presto underh\u00e5llsrapport 2021 20210327 Drifthandbok Sj\u00f6bo-S\u00f6vde flygplats (ESMI) \u00bb Uppf\u00f6ljning [&hellip;]<\/p>\n","protected":false},"author":1,"featured_media":0,"parent":0,"menu_order":0,"comment_status":"closed","ping_status":"closed","template":"","meta":{"footnotes":""},"class_list":["post-1144","page","type-page","status-publish","hentry"],"_links":{"self":[{"href":"https:\/\/flygplats.sjoboflyg.se\/index.php?rest_route=\/wp\/v2\/pages\/1144","targetHints":{"allow":["GET"]}}],"collection":[{"href":"https:\/\/flygplats.sjoboflyg.se\/index.php?rest_route=\/wp\/v2\/pages"}],"about":[{"href":"https:\/\/flygplats.sjoboflyg.se\/index.php?rest_route=\/wp\/v2\/types\/page"}],"author":[{"embeddable":true,"href":"https:\/\/flygplats.sjoboflyg.se\/index.php?rest_route=\/wp\/v2\/users\/1"}],"replies":[{"embeddable":true,"href":"https:\/\/flygplats.sjoboflyg.se\/index.php?rest_route=%2Fwp%2Fv2%2Fcomments&post=1144"}],"version-history":[{"count":85,"href":"https:\/\/flygplats.sjoboflyg.se\/index.php?rest_route=\/wp\/v2\/pages\/1144\/revisions"}],"predecessor-version":[{"id":1512,"href":"https:\/\/flygplats.sjoboflyg.se\/index.php?rest_route=\/wp\/v2\/pages\/1144\/revisions\/1512"}],"wp:attachment":[{"href":"https:\/\/flygplats.sjoboflyg.se\/index.php?rest_route=%2Fwp%2Fv2%2Fmedia&parent=1144"}],"curies":[{"name":"wp","href":"https:\/\/api.w.org\/{rel}","templated":true}]}}