{"id":12,"date":"2009-10-13T14:53:54","date_gmt":"2009-10-13T12:53:54","guid":{"rendered":"http:\/\/flygplats.sjoboflyg.se\/?page_id=12"},"modified":"2013-10-24T09:50:23","modified_gmt":"2013-10-24T07:50:23","slug":"underprocess-2","status":"publish","type":"page","link":"https:\/\/flygplats.sjoboflyg.se\/?page_id=12","title":{"rendered":"Historik, ledning, m\u00e5l och strategier."},"content":{"rendered":"<p><em><span style=\"background-color: #ffffff;\">Process\u00e4gare: Flygplatschefen<\/span><\/em><\/p>\n<p><strong><span style=\"font-size: medium;\"><span style=\"font-family: trebuchet ms,geneva;\">Syfte<br \/>\n<\/span><\/span><\/strong><span style=\"font-family: trebuchet ms,geneva;\"><span style=\"font-size: medium;\">Kort beskrivning av f\u00e4ltets historia samt dagens m\u00e5l och strategier<br \/>\n<\/span><br \/>\n<strong><span style=\"font-size: medium;\">Omfattning<\/span><\/strong><br \/>\n<span style=\"font-size: medium;\">Den flygverksamhet som administreras av Sj\u00f6bo Flygklubb, Malm\u00f6 Segelflygklubb och AcroFlyers modellflygklubb<\/span><\/span><\/p>\n<p><span style=\"font-size: medium;\"><br \/>\n<span style=\"font-family: trebuchet ms,geneva;\"><strong>Historik \/ Status<br \/>\n<\/strong>Sj\u00f6bo\/S\u00f6vde flygplats (tidigare S\u00f6vdeborgs flygplats) \u00e4r ett gammalt milit\u00e4rf\u00e4lt fr\u00e5n andra v\u00e4rldskriget, bel\u00e4get 4 km SSV om Sj\u00f6bo.<br \/>\nF\u00e4ltet bestod p\u00e5 den tiden av en rektangul\u00e4r gr\u00e4syta med en areal av 28 ha. Idag har f\u00e4ltet tv\u00e5 parallella banor, en f\u00f6r motorflyg och en f\u00f6r segelflyg, med tillh\u00f6rande taxibanor, samt ett avgr\u00e4nsat omr\u00e5de f\u00f6r modellflyg.<br \/>\nP\u00e5 flygplatsen finns det ocks\u00e5 tillg\u00e5ng till drivmedel.<br \/>\nF\u00f6r m\u00f6rkerflygning finns ett banljussystem som kan aktiveras genom b\u00e4rv\u00e5gss\u00e4ndning.<br \/>\nSj\u00f6bo\/S\u00f6vde flygplats \u00e4r Sj\u00f6bo Kommuns st\u00f6rsta fritidsanl\u00e4ggning. H\u00e4rifr\u00e5n opererar Sj\u00f6bo Flygklubb, Malm\u00f6 Segelflygklubb, Acro Flyers modellflygklubb, Sk\u00e5nska Gyrokopterklubben\u00a0samt ett antal privata brukare och\u00a0kommersiella operat\u00f6rer. <\/span><\/span><\/p>\n<p><span style=\"font-size: medium;\"><span style=\"font-family: trebuchet ms,geneva;\"><strong>M\u00e5l och strategi<br \/>\n<\/strong>M\u00e5ls\u00e4ttningen \u00e4r att de olika flygverksamheterna kan bedrivas med h\u00f6g s\u00e4kerhet, kontinuitet och ha god kvalitet samt ha goda m\u00f6jligheter att utvecklas.<br \/>\nMed rapportverktygets hj\u00e4lp ska alla str\u00e4va efter att p\u00e5tala fel och brister och d\u00e4rmed skapa underlag f\u00f6r f\u00f6rb\u00e4ttrad s\u00e4kerhet.<\/span><\/span><\/p>\n<p><span style=\"font-size: medium;\"><span style=\"font-family: trebuchet ms,geneva;\"><strong>Drifthandboken<\/strong><br \/>\nDrifthandboken\u00a0\u00e4r uppdelad i ett antal processer som beskriver olika delar av verksamheten.<br \/>\nVarje process har en process\u00e4gare som ansvarar f\u00f6r att revideringar g\u00f6rs\u00a0n\u00e4r avvikelserapporter eller \u00e4ndrade f\u00f6rh\u00e5llande s\u00e5 kr\u00e4ver.<br \/>\nAlla brukare p\u00e5 f\u00e4ltet har tillg\u00e5ng till handboken\u00a0via internet. Anv\u00e4ndarnamn: flygplats. Kod:\u00a0esmi<br \/>\nEtt\u00a0system f\u00f6r avvikelserapportering\u00a0via epost\u00a0skapar \u00e4rende som loggas och via epost informerar\u00a0ansvariga f\u00f6r de olika verksamhetsgrenarna.\u00a0\u00a0\u00a0\u00a0\u00a0<\/span><\/span><span style=\"font-size: medium;\"><span style=\"font-family: trebuchet ms,geneva;\">\u00a0<\/span><\/span><\/p>\n","protected":false},"excerpt":{"rendered":"<p>Process\u00e4gare: Flygplatschefen Syfte Kort beskrivning av f\u00e4ltets historia samt dagens m\u00e5l och strategier Omfattning Den flygverksamhet som administreras av Sj\u00f6bo Flygklubb, Malm\u00f6 Segelflygklubb och AcroFlyers modellflygklubb Historik \/ Status Sj\u00f6bo\/S\u00f6vde flygplats (tidigare S\u00f6vdeborgs flygplats) \u00e4r ett gammalt milit\u00e4rf\u00e4lt fr\u00e5n andra v\u00e4rldskriget, bel\u00e4get 4 km SSV om Sj\u00f6bo. F\u00e4ltet bestod p\u00e5 den tiden av en rektangul\u00e4r [&hellip;]<\/p>\n","protected":false},"author":2,"featured_media":0,"parent":7,"menu_order":1,"comment_status":"closed","ping_status":"closed","template":"page-without-sidebar.php","meta":{"footnotes":""},"class_list":["post-12","page","type-page","status-publish","hentry"],"_links":{"self":[{"href":"https:\/\/flygplats.sjoboflyg.se\/index.php?rest_route=\/wp\/v2\/pages\/12","targetHints":{"allow":["GET"]}}],"collection":[{"href":"https:\/\/flygplats.sjoboflyg.se\/index.php?rest_route=\/wp\/v2\/pages"}],"about":[{"href":"https:\/\/flygplats.sjoboflyg.se\/index.php?rest_route=\/wp\/v2\/types\/page"}],"author":[{"embeddable":true,"href":"https:\/\/flygplats.sjoboflyg.se\/index.php?rest_route=\/wp\/v2\/users\/2"}],"replies":[{"embeddable":true,"href":"https:\/\/flygplats.sjoboflyg.se\/index.php?rest_route=%2Fwp%2Fv2%2Fcomments&post=12"}],"version-history":[{"count":35,"href":"https:\/\/flygplats.sjoboflyg.se\/index.php?rest_route=\/wp\/v2\/pages\/12\/revisions"}],"predecessor-version":[{"id":34,"href":"https:\/\/flygplats.sjoboflyg.se\/index.php?rest_route=\/wp\/v2\/pages\/12\/revisions\/34"}],"up":[{"embeddable":true,"href":"https:\/\/flygplats.sjoboflyg.se\/index.php?rest_route=\/wp\/v2\/pages\/7"}],"wp:attachment":[{"href":"https:\/\/flygplats.sjoboflyg.se\/index.php?rest_route=%2Fwp%2Fv2%2Fmedia&parent=12"}],"curies":[{"name":"wp","href":"https:\/\/api.w.org\/{rel}","templated":true}]}}