{"id":194,"date":"2009-10-23T22:48:28","date_gmt":"2009-10-23T20:48:28","guid":{"rendered":"http:\/\/flygplats.sjoboflyg.se\/?page_id=194"},"modified":"2009-11-25T21:20:39","modified_gmt":"2009-11-25T19:20:39","slug":"banbelysning","status":"publish","type":"page","link":"https:\/\/flygplats.sjoboflyg.se\/?page_id=194","title":{"rendered":"Banbelysning"},"content":{"rendered":"<p><em>Process\u00e4gare: F\u00e4ltgruppen<\/em><\/p>\n<p><span style=\"font-family: trebuchet ms,geneva;\"><span style=\"font-size: medium;\">Elschema banbelysning:<em>\u00a0<\/em><\/span><\/span><em>\u00a0 <\/em><a href=\"http:\/\/flygplats.sjoboflyg.se\/wp-content\/uploads\/2009\/10\/LJUSAUTO1.pdf\"><em>LJUSAUTO<\/em><\/a><\/p>\n<p>\u00a0<\/p>\n<p>\u00a0<\/p>\n<p>\u00a0<\/p>\n<table border=\"0\" align=\"left\">\n<tbody>\n<tr>\n<td><span style=\"FONT-SIZE: medium\"><span style=\"FONT-FAMILY: trebuchet ms,geneva\"><strong>Observation<\/strong><\/span><\/span><\/td>\n<td><span style=\"FONT-SIZE: medium\"><span style=\"FONT-FAMILY: trebuchet ms,geneva\"><strong>\u00c5tg\u00e4rd<\/strong><\/span><\/span><\/td>\n<\/tr>\n<tr>\n<td>\u00a0<\/td>\n<td><span style=\"FONT-SIZE: medium\"><span style=\"FONT-FAMILY: trebuchet ms,geneva\"><span style=\"FONT-SIZE: medium\"><span style=\"FONT-FAMILY: trebuchet ms,geneva\">F\u00f6rbered kontroll av banbelysningen genom att t\u00e4nda manuellt\u00a0via brytare placerad i klubbstugans elcentral<\/span><\/span><br \/>\n<\/span><\/span><\/td>\n<\/tr>\n<tr>\n<td>\u00a0<\/td>\n<td>\u00a0<span style=\"FONT-SIZE: medium\"><span style=\"FONT-FAMILY: trebuchet ms,geneva\">Inspektera samtliga armaturer.<\/span><\/span><\/td>\n<\/tr>\n<tr>\n<td><span style=\"FONT-SIZE: medium\"><span style=\"FONT-FAMILY: trebuchet ms,geneva\">\u00c4r n\u00e5gon armatur skadad ?<\/span><\/span><\/td>\n<td><span style=\"font-size: medium;\"><span style=\"font-family: trebuchet ms,geneva;\">Skriv rapport och kontakta omg\u00e5ende f\u00e4ltgruppen.<\/span><\/span><\/td>\n<\/tr>\n<tr>\n<td><span style=\"FONT-SIZE: medium\"><span style=\"FONT-FAMILY: trebuchet ms,geneva\">\u00c4r n\u00e5gon gl\u00f6dlampa trasig ?<br \/>\n<\/span><\/span><\/td>\n<td><span style=\"font-family: trebuchet ms,geneva;\"><span style=\"font-size: medium;\">Byt ut trasiga\u00a0gl\u00f6dlampor<\/span><\/span><\/td>\n<\/tr>\n<tr>\n<td>\u00a0<\/td>\n<td><span style=\"font-family: trebuchet ms,geneva;\"><span style=\"font-size: medium;\">Ljusautomatikens\u00a0funktion kan endast\u00a0kontrolleras efter m\u00f6rkrets inbrott\u00a0genom att med handradion s\u00e4nda b\u00e4rv\u00e5g i minst 15 sekunder p\u00e5 123,65 MHz.<\/span><\/span><\/td>\n<\/tr>\n<tr>\n<td><span style=\"font-size: medium;\"><span style=\"font-family: trebuchet ms,geneva;\">Banljusen t\u00e4nds ej\u00a0efter\u00a015 sekunder b\u00e4rv\u00e5g\u00a0.<\/span><\/span><\/td>\n<td><span style=\"font-family: trebuchet ms,geneva;\"><span style=\"font-size: medium;\">Skriv rapport och kontakta f\u00e4ltgruppen.<\/span><\/span><\/td>\n<\/tr>\n<tr>\n<td>\u00a0<\/td>\n<td><span style=\"font-size: medium;\"><span style=\"font-family: trebuchet ms,geneva;\">Skriv rapport och bekr\u00e4fta utf\u00f6rd inspektion<\/span><\/span><\/td>\n<\/tr>\n<\/tbody>\n<\/table>\n","protected":false},"excerpt":{"rendered":"<p>Process\u00e4gare: F\u00e4ltgruppen Elschema banbelysning:\u00a0\u00a0 LJUSAUTO \u00a0 \u00a0 \u00a0 Observation \u00c5tg\u00e4rd \u00a0 F\u00f6rbered kontroll av banbelysningen genom att t\u00e4nda manuellt\u00a0via brytare placerad i klubbstugans elcentral \u00a0 \u00a0Inspektera samtliga armaturer. \u00c4r n\u00e5gon armatur skadad ? Skriv rapport och kontakta omg\u00e5ende f\u00e4ltgruppen. \u00c4r n\u00e5gon gl\u00f6dlampa trasig ? Byt ut trasiga\u00a0gl\u00f6dlampor \u00a0 Ljusautomatikens\u00a0funktion kan endast\u00a0kontrolleras efter m\u00f6rkrets inbrott\u00a0genom att [&hellip;]<\/p>\n","protected":false},"author":2,"featured_media":0,"parent":16,"menu_order":0,"comment_status":"closed","ping_status":"closed","template":"page-without-sidebar.php","meta":{"footnotes":""},"class_list":["post-194","page","type-page","status-publish","hentry"],"_links":{"self":[{"href":"https:\/\/flygplats.sjoboflyg.se\/index.php?rest_route=\/wp\/v2\/pages\/194","targetHints":{"allow":["GET"]}}],"collection":[{"href":"https:\/\/flygplats.sjoboflyg.se\/index.php?rest_route=\/wp\/v2\/pages"}],"about":[{"href":"https:\/\/flygplats.sjoboflyg.se\/index.php?rest_route=\/wp\/v2\/types\/page"}],"author":[{"embeddable":true,"href":"https:\/\/flygplats.sjoboflyg.se\/index.php?rest_route=\/wp\/v2\/users\/2"}],"replies":[{"embeddable":true,"href":"https:\/\/flygplats.sjoboflyg.se\/index.php?rest_route=%2Fwp%2Fv2%2Fcomments&post=194"}],"version-history":[{"count":23,"href":"https:\/\/flygplats.sjoboflyg.se\/index.php?rest_route=\/wp\/v2\/pages\/194\/revisions"}],"predecessor-version":[{"id":347,"href":"https:\/\/flygplats.sjoboflyg.se\/index.php?rest_route=\/wp\/v2\/pages\/194\/revisions\/347"}],"up":[{"embeddable":true,"href":"https:\/\/flygplats.sjoboflyg.se\/index.php?rest_route=\/wp\/v2\/pages\/16"}],"wp:attachment":[{"href":"https:\/\/flygplats.sjoboflyg.se\/index.php?rest_route=%2Fwp%2Fv2%2Fmedia&parent=194"}],"curies":[{"name":"wp","href":"https:\/\/api.w.org\/{rel}","templated":true}]}}