{"id":247,"date":"2009-10-25T08:37:24","date_gmt":"2009-10-25T06:37:24","guid":{"rendered":"http:\/\/flygplats.sjoboflyg.se\/?page_id=247"},"modified":"2009-12-26T18:46:42","modified_gmt":"2009-12-26T16:46:42","slug":"rapporter","status":"publish","type":"page","link":"https:\/\/flygplats.sjoboflyg.se\/?page_id=247","title":{"rendered":"Rapporter"},"content":{"rendered":"<p><em>Process\u00e4gare: Flygplatschefen<\/em><\/p>\n<p><span style=\"FONT-FAMILY: trebuchet ms,geneva\"><span style=\"FONT-SIZE: medium\"><strong>Rapportgeneratorn<\/strong><\/span><\/span><\/p>\n<p><span style=\"FONT-FAMILY: trebuchet ms,geneva\"><span style=\"FONT-SIZE: medium\">Via n\u00e5gon av nedanst\u00e5ende epostadresser l\u00e4mnar du\u00a0dina f\u00f6rb\u00e4ttringsf\u00f6rslag, underh\u00e5lls- och avvikelserapporter mm.<br \/>\nSkriv p\u00e5 \u00e4mnesraden i ditt mejl en kort rubrik som beskriver ditt \u00e4rende.<br \/>\nAlla rapporter tilldelas ett \u00e4rendenummer och kan sedan f\u00f6ljas.<br \/>\n<\/span><\/span><\/p>\n<div><span style=\"FONT-FAMILY: trebuchet ms,geneva\"><span style=\"FONT-SIZE: medium\">Som rapportskrivare f\u00e5r du\u00a0ett mejl som bekr\u00e4ftelse och samtidigt g\u00e5r ocks\u00e5 mejl till ansvariga f\u00f6r f\u00e4ltets sk\u00f6tsel.<\/span><\/span><\/div>\n<div><span style=\"FONT-FAMILY: trebuchet ms,geneva\"><span style=\"FONT-SIZE: medium\">\u00a0<\/span><\/span><\/div>\n<div><span style=\"FONT-FAMILY: trebuchet ms,geneva\"><span style=\"FONT-SIZE: medium\"><strong>Rapportgrupper<\/strong><\/span><\/span><\/div>\n<div><span style=\"FONT-FAMILY: trebuchet ms,geneva\"><span style=\"FONT-SIZE: medium\">\u00a0<\/span><\/span><\/div>\n<div><span style=\"FONT-FAMILY: trebuchet ms,geneva\"><span style=\"FONT-SIZE: medium\"><span style=\"FONT-SIZE: x-small; FONT-FAMILY: Courier\"><span style=\"FONT-SIZE: x-small; FONT-FAMILY: Courier\"><span style=\"FONT-FAMILY: trebuchet ms,geneva\"><span style=\"FONT-SIZE: medium\"><a href=\"mailto:brukare@rt.sjoboflyg.se\"><strong>brukare@rt.sjoboflyg.se<\/strong><\/a><br \/>\n<a href=\"mailto:flygplats@rt.sjoboflyg.se\"><strong>flygplats@rt.sjoboflyg.se<\/strong><\/a><br \/>\n<a href=\"mailto:modellflyg@rt.sjoboflyg.se\"><strong>modellflyg@rt.sjoboflyg.se<\/strong><\/a><br \/>\n<a href=\"mailto:motorflyg@rt.sjoboflyg.se\"><strong>motorflyg@rt.sjoboflyg.se<\/strong><\/a><br \/>\n<a href=\"mailto:segelflyg@rt.sjoboflyg.se\"><strong>segelflyg@rt.sjoboflyg.se<\/strong><\/a><br \/>\n<\/span><\/span><a href=\"mailto:tank@rt.sjoboflyg.se\"><span style=\"FONT-FAMILY: trebuchet ms,geneva\"><span style=\"FONT-SIZE: medium\"><strong>tank@rt.sjoboflyg.se<\/strong><\/span><\/span><\/a><\/span><\/span><\/span><\/span><\/div>\n<div><span style=\"FONT-SIZE: x-small; FONT-FAMILY: Courier\"><span style=\"FONT-SIZE: x-small; FONT-FAMILY: Courier\"><span style=\"FONT-SIZE: medium\"><span style=\"FONT-FAMILY: trebuchet ms,geneva\">\u00a0<\/span><\/span>\u00a0<\/span><\/span><\/div>\n<div><span style=\"FONT-SIZE: x-small; FONT-FAMILY: Courier\"><span style=\"FONT-SIZE: x-small; FONT-FAMILY: Courier\"><span style=\"FONT-SIZE: medium\"><span style=\"FONT-FAMILY: trebuchet ms,geneva\"><strong>Svarsmeddelande<\/strong><\/span><\/span><\/span><\/span><\/div>\n<div><span style=\"FONT-SIZE: x-small; FONT-FAMILY: Courier\"><span style=\"FONT-SIZE: x-small; FONT-FAMILY: Courier\"><span style=\"FONT-SIZE: medium\"><span style=\"FONT-FAMILY: trebuchet ms,geneva\"><br \/>\n\u201dHej,<\/span><\/span><\/span><\/span><\/div>\n<div><span style=\"FONT-SIZE: x-small; FONT-FAMILY: Courier\"><span style=\"FONT-SIZE: x-small; FONT-FAMILY: Courier\"><span style=\"FONT-SIZE: medium\"><span style=\"FONT-FAMILY: trebuchet ms,geneva\">Detta \u00e4r ett automatiskt brev fr\u00e5n Sj\u00f6bo-S\u00f6vde flygplats kvalitets-<br \/>\noch ledningssystem.<\/span><\/span><\/span><\/span><\/div>\n<div><span style=\"FONT-SIZE: x-small; FONT-FAMILY: Courier\"><span style=\"FONT-SIZE: x-small; FONT-FAMILY: Courier\"><span style=\"FONT-SIZE: medium\"><span style=\"FONT-FAMILY: trebuchet ms,geneva\">Om det kommer mer information s\u00e5 g\u00e5r det bra att skicka denna som ett<br \/>\nsvar p\u00e5 detta brev.<\/span><\/span><\/span><\/span><\/div>\n<div><span style=\"FONT-SIZE: x-small; FONT-FAMILY: Courier\"><span style=\"FONT-SIZE: x-small; FONT-FAMILY: Courier\"><span style=\"FONT-SIZE: medium\"><span style=\"FONT-FAMILY: trebuchet ms,geneva\">Vi har tagit emot ditt brev &lt;subject p\u00e5 inkommande mail&gt;.<br \/>\nAnsvarig person kommer att ta hand om \u00e4rendet och eventuellt \u00e5terkomma<br \/>\ntill dig.<\/span><\/span><\/span><\/span><\/div>\n<div><span style=\"FONT-SIZE: x-small; FONT-FAMILY: Courier\"><span style=\"FONT-SIZE: x-small; FONT-FAMILY: Courier\"><span style=\"FONT-SIZE: medium\"><span style=\"FONT-FAMILY: trebuchet ms,geneva\"><span style=\"FONT-SIZE: x-small; FONT-FAMILY: Courier\"><span style=\"FONT-SIZE: x-small; FONT-FAMILY: Courier\"><span style=\"FONT-SIZE: medium\"><span style=\"FONT-FAMILY: trebuchet ms,geneva\">V\u00e4nliga h\u00e4lsningar,<br \/>\nSj\u00f6bo-S\u00f6vde flygplats<\/span><\/span><\/span><\/span><\/span><\/span><\/span><\/span><\/div>\n<div><span style=\"FONT-SIZE: x-small; FONT-FAMILY: Courier\"><span style=\"FONT-SIZE: x-small; FONT-FAMILY: Courier\"><span style=\"FONT-SIZE: medium\"><span style=\"FONT-FAMILY: trebuchet ms,geneva\">\u00a0<\/span><\/span><\/span><\/span><\/div>\n","protected":false},"excerpt":{"rendered":"<p>Process\u00e4gare: Flygplatschefen Rapportgeneratorn Via n\u00e5gon av nedanst\u00e5ende epostadresser l\u00e4mnar du\u00a0dina f\u00f6rb\u00e4ttringsf\u00f6rslag, underh\u00e5lls- och avvikelserapporter mm. Skriv p\u00e5 \u00e4mnesraden i ditt mejl en kort rubrik som beskriver ditt \u00e4rende. Alla rapporter tilldelas ett \u00e4rendenummer och kan sedan f\u00f6ljas. Som rapportskrivare f\u00e5r du\u00a0ett mejl som bekr\u00e4ftelse och samtidigt g\u00e5r ocks\u00e5 mejl till ansvariga f\u00f6r f\u00e4ltets sk\u00f6tsel. \u00a0 [&hellip;]<\/p>\n","protected":false},"author":2,"featured_media":0,"parent":0,"menu_order":0,"comment_status":"closed","ping_status":"closed","template":"page-without-sidebar.php","meta":{"footnotes":""},"class_list":["post-247","page","type-page","status-publish","hentry"],"_links":{"self":[{"href":"https:\/\/flygplats.sjoboflyg.se\/index.php?rest_route=\/wp\/v2\/pages\/247","targetHints":{"allow":["GET"]}}],"collection":[{"href":"https:\/\/flygplats.sjoboflyg.se\/index.php?rest_route=\/wp\/v2\/pages"}],"about":[{"href":"https:\/\/flygplats.sjoboflyg.se\/index.php?rest_route=\/wp\/v2\/types\/page"}],"author":[{"embeddable":true,"href":"https:\/\/flygplats.sjoboflyg.se\/index.php?rest_route=\/wp\/v2\/users\/2"}],"replies":[{"embeddable":true,"href":"https:\/\/flygplats.sjoboflyg.se\/index.php?rest_route=%2Fwp%2Fv2%2Fcomments&post=247"}],"version-history":[{"count":10,"href":"https:\/\/flygplats.sjoboflyg.se\/index.php?rest_route=\/wp\/v2\/pages\/247\/revisions"}],"predecessor-version":[{"id":788,"href":"https:\/\/flygplats.sjoboflyg.se\/index.php?rest_route=\/wp\/v2\/pages\/247\/revisions\/788"}],"wp:attachment":[{"href":"https:\/\/flygplats.sjoboflyg.se\/index.php?rest_route=%2Fwp%2Fv2%2Fmedia&parent=247"}],"curies":[{"name":"wp","href":"https:\/\/api.w.org\/{rel}","templated":true}]}}