{"id":441,"date":"2009-11-01T13:07:14","date_gmt":"2009-11-01T11:07:14","guid":{"rendered":"http:\/\/flygplats.sjoboflyg.se\/?page_id=441"},"modified":"2009-11-28T13:15:59","modified_gmt":"2009-11-28T11:15:59","slug":"daglig-dranering-av-branslefilter","status":"publish","type":"page","link":"https:\/\/flygplats.sjoboflyg.se\/?page_id=441","title":{"rendered":"Daglig dr\u00e4nering av br\u00e4nslefilter"},"content":{"rendered":"<div><em>Process\u00e4gare: Tankansvarig<br \/>\n<\/em><\/div>\n<div><span style=\"font-size: medium; font-family: TimesNewRomanPS-BoldMT;\"><span style=\"font-size: medium; font-family: TimesNewRomanPS-BoldMT;\"><span style=\"font-family: trebuchet ms,geneva;\"><strong><br \/>\nSyfte<br \/>\n<\/strong><\/span><\/span><\/span><span style=\"font-size: medium; font-family: TimesNewRomanPS-BoldMT;\"><span style=\"font-size: medium; font-family: TimesNewRomanPS-BoldMT;\"><span style=\"font-family: trebuchet ms,geneva;\"><strong>\u00a0<\/strong><\/span><\/span><\/span><span style=\"font-size: medium; font-family: TimesNewRomanPS-BoldMT;\"><span style=\"font-size: medium; font-family: TimesNewRomanPS-BoldMT;\"><span style=\"font-family: trebuchet ms,geneva;\">\u00a0<\/span><\/span><\/span><span style=\"font-size: medium;\"><span style=\"font-family: trebuchet ms,geneva;\">S\u00e4kerst\u00e4lla att br\u00e4nslefiltret \u00e4r fritt fr\u00e5n kondensvatten och fr\u00e4mmande partiklar.<\/span><\/span><\/div>\n<div><span style=\"font-size: medium; font-family: TimesNewRomanPS-BoldMT;\"><span style=\"font-size: medium; font-family: TimesNewRomanPS-BoldMT;\"><span style=\"font-family: trebuchet ms,geneva;\"><br \/>\n<\/span><\/span><\/span><\/div>\n<div><span style=\"font-family: trebuchet ms,geneva;\"><strong><span style=\"font-size: medium;\">\u00a0<\/span><\/strong><\/span><\/div>\n<p><span style=\"font-family: trebuchet ms,geneva;\"><span style=\"font-size: medium;\"><span style=\"font-family: Georgia;\"><span style=\"font-family: trebuchet ms,geneva;\"><strong>Omfattning<\/strong><\/span><span style=\"font-family: trebuchet ms,geneva;\"> <\/span><\/span><\/span><\/span><\/p>\n<p><span style=\"font-family: trebuchet ms,geneva;\"><span style=\"font-size: medium;\"><span style=\"font-family: Georgia;\"><span style=\"font-family: trebuchet ms,geneva;\"><span style=\"font-size: medium;\">F\u00f6re dagens f\u00f6rsta tankning<\/span><strong> <\/strong><\/span><\/span><\/span><\/span><\/p>\n<p><span style=\"font-family: trebuchet ms,geneva;\"><span style=\"font-size: medium;\"><span style=\"font-family: Georgia;\"><span style=\"font-family: trebuchet ms,geneva;\"><strong>\u00c5tg\u00e4rd<\/strong><\/span><\/span><\/span><\/span><\/p>\n<p><span style=\"font-family: trebuchet ms,geneva;\"><span style=\"font-size: medium;\">Starta pumpen<br \/>\nTappa ut ca 1 dl, i en glasburk, via kranen p\u00e5 filtrets undersida.<br \/>\nKontrollera ev. f\u00f6rekomst av vatten eller fr\u00e4mmande partiklar.<br \/>\nUpprepa \u00e5tg\u00e4rden tills ev. vatten avl\u00e4gsnats.<br \/>\nSignera i tankningsjournalen att dr\u00e4nering utf\u00f6rts.<\/span><\/span><\/p>\n","protected":false},"excerpt":{"rendered":"<p>Process\u00e4gare: Tankansvarig Syfte \u00a0\u00a0S\u00e4kerst\u00e4lla att br\u00e4nslefiltret \u00e4r fritt fr\u00e5n kondensvatten och fr\u00e4mmande partiklar. \u00a0 Omfattning F\u00f6re dagens f\u00f6rsta tankning \u00c5tg\u00e4rd Starta pumpen Tappa ut ca 1 dl, i en glasburk, via kranen p\u00e5 filtrets undersida. Kontrollera ev. f\u00f6rekomst av vatten eller fr\u00e4mmande partiklar. Upprepa \u00e5tg\u00e4rden tills ev. vatten avl\u00e4gsnats. Signera i tankningsjournalen att dr\u00e4nering utf\u00f6rts.<\/p>\n","protected":false},"author":2,"featured_media":0,"parent":69,"menu_order":1,"comment_status":"closed","ping_status":"closed","template":"page-without-sidebar.php","meta":{"footnotes":""},"class_list":["post-441","page","type-page","status-publish","hentry"],"_links":{"self":[{"href":"https:\/\/flygplats.sjoboflyg.se\/index.php?rest_route=\/wp\/v2\/pages\/441","targetHints":{"allow":["GET"]}}],"collection":[{"href":"https:\/\/flygplats.sjoboflyg.se\/index.php?rest_route=\/wp\/v2\/pages"}],"about":[{"href":"https:\/\/flygplats.sjoboflyg.se\/index.php?rest_route=\/wp\/v2\/types\/page"}],"author":[{"embeddable":true,"href":"https:\/\/flygplats.sjoboflyg.se\/index.php?rest_route=\/wp\/v2\/users\/2"}],"replies":[{"embeddable":true,"href":"https:\/\/flygplats.sjoboflyg.se\/index.php?rest_route=%2Fwp%2Fv2%2Fcomments&post=441"}],"version-history":[{"count":13,"href":"https:\/\/flygplats.sjoboflyg.se\/index.php?rest_route=\/wp\/v2\/pages\/441\/revisions"}],"predecessor-version":[{"id":445,"href":"https:\/\/flygplats.sjoboflyg.se\/index.php?rest_route=\/wp\/v2\/pages\/441\/revisions\/445"}],"up":[{"embeddable":true,"href":"https:\/\/flygplats.sjoboflyg.se\/index.php?rest_route=\/wp\/v2\/pages\/69"}],"wp:attachment":[{"href":"https:\/\/flygplats.sjoboflyg.se\/index.php?rest_route=%2Fwp%2Fv2%2Fmedia&parent=441"}],"curies":[{"name":"wp","href":"https:\/\/api.w.org\/{rel}","templated":true}]}}