{"id":455,"date":"2009-11-08T14:26:03","date_gmt":"2009-11-08T12:26:03","guid":{"rendered":"http:\/\/flygplats.sjoboflyg.se\/?page_id=455"},"modified":"2012-08-23T09:59:52","modified_gmt":"2012-08-23T07:59:52","slug":"etablerade-brukare","status":"publish","type":"page","link":"https:\/\/flygplats.sjoboflyg.se\/?page_id=455","title":{"rendered":"Etablerade brukare"},"content":{"rendered":"<p><em>Process\u00e4gare: Flygplatschefen<\/em><\/p>\n<p><span style=\"font-size: medium;\"><span style=\"font-family: trebuchet ms,geneva;\"><strong>Syfte <\/strong><br \/>\nF\u00f6ra register med\u00a0aktuella kontaktuppgifter f\u00f6r brukare av Sj\u00f6bo-S\u00f6vde flygplats.<br \/>\nS\u00e4kerst\u00e4lla\u00a0att\u00a0n\u00f6dv\u00e4ndig information om regler f\u00f6r verksamheten finns tillg\u00e4nglig. <\/span><\/span><\/p>\n<p><span style=\"font-family: trebuchet ms,geneva;\"><span style=\"font-size: medium;\"><strong>Omfattning<\/strong><br \/>\nEtablerade brukare av\u00a0f\u00e4ltet.<\/span><\/span><\/p>\n<p><span style=\"font-family: trebuchet ms,geneva;\"><span style=\"font-size: medium;\"><strong>\u00c5tg\u00e4rder<\/strong><\/span><\/span><\/p>\n<table border=\"0\" align=\"left\">\n<thead>\n<tr align=\"left\" valign=\"middle\">\n<td><span style=\"font-size: medium;\"><span style=\"font-family: trebuchet ms,geneva;\"><strong>Beskrivning\u00a0\u00a0\u00a0\u00a0\u00a0\u00a0\u00a0\u00a0\u00a0\u00a0\u00a0\u00a0\u00a0\u00a0\u00a0\u00a0\u00a0\u00a0\u00a0\u00a0\u00a0\u00a0\u00a0\u00a0\u00a0\u00a0\u00a0\u00a0\u00a0\u00a0\u00a0\u00a0\u00a0 <\/strong><\/span><\/span><\/td>\n<td><span style=\"font-size: medium;\"><span style=\"font-family: trebuchet ms,geneva;\"><span style=\"font-size: medium;\"><strong>Ansvarig<\/strong><\/span><\/span><\/span><\/td>\n<td><span style=\"font-size: medium;\"><span style=\"font-family: trebuchet ms,geneva;\"><span style=\"font-size: medium;\"><strong>St\u00f6dprocess \/ Dokument<\/strong><\/span><\/span><\/span><\/td>\n<\/tr>\n<tr>\n<td><span style=\"font-size: medium;\"><span style=\"font-family: trebuchet ms,geneva;\">L\u00e4mna inloggning f\u00f6r att ge tillg\u00e5ng till drifthandboken<\/span><\/span><\/td>\n<td><span style=\"font-size: medium;\"><span style=\"font-family: trebuchet ms,geneva;\">Flygplatschefen<\/span><\/span><\/td>\n<td><\/td>\n<\/tr>\n<tr>\n<td><span style=\"font-size: medium;\"><span style=\"font-family: trebuchet ms,geneva;\">Informera om drifthandbokens uppl\u00e4gg<\/span><\/span><\/td>\n<td><span style=\"font-size: medium;\"><span style=\"font-family: trebuchet ms,geneva;\">Flygplatschefen<\/span><\/span><\/td>\n<td><\/td>\n<\/tr>\n<tr>\n<td><span style=\"font-size: medium;\"><span style=\"font-family: trebuchet ms,geneva;\">Informera om rapportverktyget<\/span><\/span><\/td>\n<td><span style=\"font-size: medium;\"><span style=\"font-family: trebuchet ms,geneva;\">Flygplatschefen<\/span><\/span><\/td>\n<td><span style=\"font-size: medium;\"><span style=\"font-family: trebuchet ms,geneva;\"><a href=\"http:\/\/flygplats.sjoboflyg.se\/?page_id=666%20\" target=\"_blank\">Avvikelserapportering<\/a><\/span><\/span><\/td>\n<\/tr>\n<tr align=\"left\" valign=\"middle\">\n<td><span style=\"font-size: medium;\"><span style=\"font-family: trebuchet ms,geneva;\"><span style=\"font-size: medium;\"><span style=\"font-family: trebuchet ms,geneva;\"><span style=\"font-size: medium;\">Kontrollera och ev. uppdatera kontaktuppgifter<\/span><\/span>\u00a0\u00a0\u00a0\u00a0\u00a0\u00a0\u00a0\u00a0\u00a0\u00a0\u00a0\u00a0\u00a0\u00a0\u00a0\u00a0\u00a0<\/span><\/span><\/span><\/td>\n<td><span style=\"font-size: medium;\"><span style=\"font-family: trebuchet ms,geneva;\">Flygplatschefen<\/span>\u00a0\u00a0\u00a0\u00a0\u00a0\u00a0<\/span><\/td>\n<td><\/td>\n<\/tr>\n<tr>\n<td><span style=\"font-family: trebuchet ms,geneva;\"><span style=\"font-size: medium;\">Kalla till uppf\u00f6ljningsm\u00f6te minst en g\u00e5ng per \u00e5r<\/span><\/span><\/td>\n<td><span style=\"font-size: medium;\"><span style=\"font-size: medium;\"><span style=\"font-size: medium;\"><span style=\"font-family: trebuchet ms,geneva;\">Flygplatschefen<\/span><\/span><\/span><\/span><\/td>\n<td><\/td>\n<\/tr>\n<\/thead>\n<\/table>\n<p><span style=\"font-family: trebuchet ms,geneva;\"><span style=\"font-size: medium;\"><strong>\u00a0<\/strong><\/span><\/span><\/p>\n","protected":false},"excerpt":{"rendered":"<p>Process\u00e4gare: Flygplatschefen Syfte F\u00f6ra register med\u00a0aktuella kontaktuppgifter f\u00f6r brukare av Sj\u00f6bo-S\u00f6vde flygplats. S\u00e4kerst\u00e4lla\u00a0att\u00a0n\u00f6dv\u00e4ndig information om regler f\u00f6r verksamheten finns tillg\u00e4nglig. Omfattning Etablerade brukare av\u00a0f\u00e4ltet. \u00c5tg\u00e4rder Beskrivning\u00a0\u00a0\u00a0\u00a0\u00a0\u00a0\u00a0\u00a0\u00a0\u00a0\u00a0\u00a0\u00a0\u00a0\u00a0\u00a0\u00a0\u00a0\u00a0\u00a0\u00a0\u00a0\u00a0\u00a0\u00a0\u00a0\u00a0\u00a0\u00a0\u00a0\u00a0\u00a0\u00a0 Ansvarig St\u00f6dprocess \/ Dokument L\u00e4mna inloggning f\u00f6r att ge tillg\u00e5ng till drifthandboken Flygplatschefen Informera om drifthandbokens uppl\u00e4gg Flygplatschefen Informera om rapportverktyget Flygplatschefen Avvikelserapportering Kontrollera och ev. uppdatera kontaktuppgifter\u00a0\u00a0\u00a0\u00a0\u00a0\u00a0\u00a0\u00a0\u00a0\u00a0\u00a0\u00a0\u00a0\u00a0\u00a0\u00a0\u00a0 Flygplatschefen\u00a0\u00a0\u00a0\u00a0\u00a0\u00a0 [&hellip;]<\/p>\n","protected":false},"author":2,"featured_media":0,"parent":5,"menu_order":0,"comment_status":"closed","ping_status":"closed","template":"page-without-sidebar.php","meta":{"footnotes":""},"class_list":["post-455","page","type-page","status-publish","hentry"],"_links":{"self":[{"href":"https:\/\/flygplats.sjoboflyg.se\/index.php?rest_route=\/wp\/v2\/pages\/455","targetHints":{"allow":["GET"]}}],"collection":[{"href":"https:\/\/flygplats.sjoboflyg.se\/index.php?rest_route=\/wp\/v2\/pages"}],"about":[{"href":"https:\/\/flygplats.sjoboflyg.se\/index.php?rest_route=\/wp\/v2\/types\/page"}],"author":[{"embeddable":true,"href":"https:\/\/flygplats.sjoboflyg.se\/index.php?rest_route=\/wp\/v2\/users\/2"}],"replies":[{"embeddable":true,"href":"https:\/\/flygplats.sjoboflyg.se\/index.php?rest_route=%2Fwp%2Fv2%2Fcomments&post=455"}],"version-history":[{"count":32,"href":"https:\/\/flygplats.sjoboflyg.se\/index.php?rest_route=\/wp\/v2\/pages\/455\/revisions"}],"predecessor-version":[{"id":505,"href":"https:\/\/flygplats.sjoboflyg.se\/index.php?rest_route=\/wp\/v2\/pages\/455\/revisions\/505"}],"up":[{"embeddable":true,"href":"https:\/\/flygplats.sjoboflyg.se\/index.php?rest_route=\/wp\/v2\/pages\/5"}],"wp:attachment":[{"href":"https:\/\/flygplats.sjoboflyg.se\/index.php?rest_route=%2Fwp%2Fv2%2Fmedia&parent=455"}],"curies":[{"name":"wp","href":"https:\/\/api.w.org\/{rel}","templated":true}]}}