{"id":5,"date":"2009-10-13T14:52:33","date_gmt":"2009-10-13T12:52:33","guid":{"rendered":"http:\/\/flygplats.sjoboflyg.se\/?page_id=5"},"modified":"2017-04-10T17:05:08","modified_gmt":"2017-04-10T15:05:08","slug":"process-1","status":"publish","type":"page","link":"https:\/\/flygplats.sjoboflyg.se\/?page_id=5","title":{"rendered":"Brukare"},"content":{"rendered":"<p><em>Process\u00e4gare: Flygplatschefen<\/em><\/p>\n<p><span style=\"font-family: trebuchet ms,geneva;\"><span style=\"font-size: medium;\"><strong>Syfte<\/strong><br \/>\nInformera om villkoren f\u00f6r\u00a0basering av luftfartyg p\u00e5 Sj\u00f6bo-S\u00f6vde flygplats.<br \/>\n<\/span><\/span><span style=\"font-family: trebuchet ms,geneva;\"><span style=\"font-size: medium;\"><strong><br \/>\n\u00c5tg\u00e4rder<\/strong><\/span><\/span><\/p>\n<table border=\"0\" align=\"left\">\n<thead>\n<tr align=\"left\" valign=\"middle\">\n<td><span style=\"font-size: medium;\"><span style=\"font-family: trebuchet ms,geneva;\"><strong>Beskrivning <\/strong><\/span><\/span><\/td>\n<td><span style=\"font-size: medium;\"><span style=\"font-family: trebuchet ms,geneva;\"><span style=\"font-size: medium;\"><strong>Ansvarig<\/strong><\/span><\/span><\/span><\/td>\n<td><span style=\"font-size: medium;\"><span style=\"font-family: trebuchet ms,geneva;\"><span style=\"font-size: medium;\"><strong>St\u00f6dprocess \/ Dokument<\/strong><\/span><\/span><\/span><\/td>\n<\/tr>\n<tr>\n<td><span style=\"font-size: medium;\"><span style=\"font-family: trebuchet ms,geneva;\"><span style=\"font-size: medium;\"><span style=\"font-family: trebuchet ms,geneva;\"><span style=\"font-size: medium;\">Informera\u00a0om regler och kostnader<\/span><\/span><\/span><\/span><\/span><\/td>\n<td><span style=\"font-size: medium;\"><span style=\"font-family: trebuchet ms,geneva;\">Flygplatschefen<\/span><\/span><\/td>\n<td><a href=\"http:\/\/flygplats.sjoboflyg.se\/wp-content\/uploads\/2009\/10\/20080419-Foreskrifter-basering.pdf\" target=\"_blank\"><span style=\"font-size: medium;\"><span style=\"font-family: trebuchet ms,geneva;\">20080419 F\u00f6reskrifter basering<\/span><\/span><\/a><br \/>\n<a href=\"http:\/\/flygplats.sjoboflyg.se\/wp-content\/uploads\/2009\/10\/20080419-Bilaga-avgifter.pdf\" target=\"_blank\"><span style=\"font-size: medium;\"><span style=\"font-family: trebuchet ms,geneva;\">20080419 Bilaga avgifter<\/span><\/span><\/a><\/td>\n<\/tr>\n<tr align=\"left\" valign=\"middle\">\n<td><span style=\"font-size: medium;\"><span style=\"font-family: trebuchet ms,geneva;\"><span style=\"font-size: medium;\"><span style=\"font-family: trebuchet ms,geneva;\"><span style=\"font-size: medium;\">Registrering av nya brukare<\/span><\/span><\/span><\/span><\/span><\/td>\n<td><span style=\"font-size: medium;\"><span style=\"font-family: trebuchet ms,geneva;\">Flygplatschefen<\/span> <\/span><\/td>\n<td><span style=\"font-family: trebuchet ms,geneva;\"><span style=\"font-size: medium;\"><a href=\"http:\/\/flygplats.sjoboflyg.se\/?page_id=544\" target=\"_blank\">Registrering av nya brukare<\/a><\/span><\/span><\/td>\n<\/tr>\n<tr align=\"left\" valign=\"middle\">\n<td><span style=\"font-size: medium;\"><span style=\"font-family: trebuchet ms,geneva;\"><span style=\"font-size: medium;\"><span style=\"font-size: medium;\"><span style=\"font-family: trebuchet ms,geneva;\"><span style=\"font-size: medium;\">Teckna brukaravtal<\/span><\/span><\/span><\/span><\/span><\/span><\/td>\n<td><span style=\"font-size: medium;\"><span style=\"font-size: medium;\"><span style=\"font-family: trebuchet ms,geneva;\">Flygplatschefen<\/span><\/span><\/span><\/td>\n<td><span style=\"font-family: trebuchet ms,geneva;\"><span style=\"font-size: medium;\"><a href=\"http:\/\/flygplats.sjoboflyg.se\/wp-content\/uploads\/2009\/10\/Brukaravtal1.pdf\" target=\"_blank\">Brukaravtal<\/a><\/span><\/span><\/td>\n<\/tr>\n<tr align=\"left\" valign=\"middle\">\n<td><span style=\"font-size: medium;\"><span style=\"font-family: trebuchet ms,geneva;\"><span style=\"font-size: medium;\">Informera om drifthandboken<\/span><\/span><\/span><\/td>\n<td><span style=\"font-size: medium;\"><span style=\"font-size: medium;\"><span style=\"font-size: medium;\"><span style=\"font-family: trebuchet ms,geneva;\">Flygplatschefen<\/span><\/span><\/span><\/span><\/td>\n<td><\/td>\n<\/tr>\n<tr>\n<td><span style=\"font-family: trebuchet ms,geneva;\"><span style=\"font-size: medium;\"><span style=\"font-size: medium;\"><span style=\"font-family: trebuchet ms,geneva;\"><span style=\"font-size: medium;\">Informera om rapportverktyget<\/span><\/span><\/span><\/span><\/span><\/td>\n<td><span style=\"font-size: medium;\"><span style=\"font-size: medium;\"><span style=\"font-size: medium;\"><span style=\"font-family: trebuchet ms,geneva;\">Flygplatschefen<\/span><\/span><\/span><\/span><\/td>\n<td><span style=\"font-family: trebuchet ms,geneva;\"><span style=\"font-size: medium;\"><a href=\"http:\/\/flygplats.sjoboflyg.se\/?page_id=666%20\" target=\"_blank\"><span id=\"sample-permalink\">Avvikelserapportering<\/span><\/a><\/span><\/span><\/td>\n<\/tr>\n<tr>\n<td><span style=\"font-size: medium;\"><span style=\"font-family: trebuchet ms,geneva;\">Kontaktlista<\/span><\/span><\/td>\n<td><span style=\"font-size: medium;\"><span style=\"font-size: medium;\"><span style=\"font-size: medium;\"><span style=\"font-family: trebuchet ms,geneva;\">Flygplatschefen<\/span><\/span><\/span><\/span><\/td>\n<td><a href=\"http:\/\/flygplats.sjoboflyg.se\/wp-content\/uploads\/2009\/10\/Kontaktuppgifter-brukare1.xls\"><span style=\"font-family: trebuchet ms,geneva;\"><span style=\"font-size: medium;\">Kontaktuppgifter-brukare<\/span><\/span><\/a><\/td>\n<\/tr>\n<\/thead>\n<\/table>\n<p>&nbsp;<\/p>\n","protected":false},"excerpt":{"rendered":"<p>Process\u00e4gare: Flygplatschefen Syfte Informera om villkoren f\u00f6r\u00a0basering av luftfartyg p\u00e5 Sj\u00f6bo-S\u00f6vde flygplats. \u00c5tg\u00e4rder Beskrivning Ansvarig St\u00f6dprocess \/ Dokument Informera\u00a0om regler och kostnader Flygplatschefen 20080419 F\u00f6reskrifter basering 20080419 Bilaga avgifter Registrering av nya brukare Flygplatschefen Registrering av nya brukare Teckna brukaravtal Flygplatschefen Brukaravtal Informera om drifthandboken Flygplatschefen Informera om rapportverktyget Flygplatschefen Avvikelserapportering Kontaktlista Flygplatschefen Kontaktuppgifter-brukare &nbsp;<\/p>\n","protected":false},"author":2,"featured_media":0,"parent":0,"menu_order":0,"comment_status":"closed","ping_status":"closed","template":"page-without-sidebar.php","meta":{"footnotes":""},"class_list":["post-5","page","type-page","status-publish","hentry"],"_links":{"self":[{"href":"https:\/\/flygplats.sjoboflyg.se\/index.php?rest_route=\/wp\/v2\/pages\/5","targetHints":{"allow":["GET"]}}],"collection":[{"href":"https:\/\/flygplats.sjoboflyg.se\/index.php?rest_route=\/wp\/v2\/pages"}],"about":[{"href":"https:\/\/flygplats.sjoboflyg.se\/index.php?rest_route=\/wp\/v2\/types\/page"}],"author":[{"embeddable":true,"href":"https:\/\/flygplats.sjoboflyg.se\/index.php?rest_route=\/wp\/v2\/users\/2"}],"replies":[{"embeddable":true,"href":"https:\/\/flygplats.sjoboflyg.se\/index.php?rest_route=%2Fwp%2Fv2%2Fcomments&post=5"}],"version-history":[{"count":61,"href":"https:\/\/flygplats.sjoboflyg.se\/index.php?rest_route=\/wp\/v2\/pages\/5\/revisions"}],"predecessor-version":[{"id":1325,"href":"https:\/\/flygplats.sjoboflyg.se\/index.php?rest_route=\/wp\/v2\/pages\/5\/revisions\/1325"}],"wp:attachment":[{"href":"https:\/\/flygplats.sjoboflyg.se\/index.php?rest_route=%2Fwp%2Fv2%2Fmedia&parent=5"}],"curies":[{"name":"wp","href":"https:\/\/api.w.org\/{rel}","templated":true}]}}