{"id":583,"date":"2009-11-14T09:34:09","date_gmt":"2009-11-14T07:34:09","guid":{"rendered":"http:\/\/flygplats.sjoboflyg.se\/?page_id=583"},"modified":"2009-11-28T16:21:06","modified_gmt":"2009-11-28T14:21:06","slug":"rutiner-tankansvarig","status":"publish","type":"page","link":"https:\/\/flygplats.sjoboflyg.se\/?page_id=583","title":{"rendered":"Rutiner tankansvarig"},"content":{"rendered":"<div>\n<p><em><span style=\"background-color: #ffffff;\">Process\u00e4gare: Flygplatschefen<\/span><\/em><\/p>\n<div><span style=\"font-size: medium; font-family: TimesNewRomanPS-BoldMT;\"><span style=\"font-size: medium; font-family: TimesNewRomanPS-BoldMT;\"><span style=\"font-family: trebuchet ms,geneva;\"><strong>Syfte<br \/>\n<\/strong>S\u00e4kerst\u00e4lla att lagring och distribution av flygbr\u00e4nsle sker enligt g\u00e4llande regler<\/span><\/span><\/span><\/div>\n<div><span style=\"font-size: medium; font-family: TimesNewRomanPS-BoldMT;\"><span style=\"font-size: medium; font-family: TimesNewRomanPS-BoldMT;\"><span style=\"font-family: trebuchet ms,geneva;\">och f\u00f6rordningar.<\/span><\/span><\/span><\/div>\n<div><span style=\"font-size: medium; font-family: TimesNewRomanPS-BoldMT;\"><span style=\"font-size: medium; font-family: TimesNewRomanPS-BoldMT;\"><span style=\"font-family: trebuchet ms,geneva;\"><br \/>\n<\/span><\/span><\/span><\/div>\n<div>\n<div><span style=\"font-family: trebuchet ms,geneva;\"><strong><span style=\"font-size: medium;\"><span style=\"font-family: Georgia;\">\u00a0<\/span><\/span><\/strong><\/span><\/div>\n<p><span style=\"font-family: trebuchet ms,geneva;\"><span style=\"font-size: medium;\"><span style=\"font-family: Georgia;\"><span style=\"font-family: trebuchet ms,geneva;\"><strong>Omfattning<br \/>\n<\/strong><\/span><\/span><\/span><\/span><span style=\"font-family: TimesNewRomanPSMT;\"><span style=\"font-size: medium;\"><span style=\"font-family: trebuchet ms,geneva;\">Tillse att tankanl\u00e4ggningen uppfyller kraven f\u00f6r <\/span><\/span><span style=\"font-size: medium;\"><span style=\"font-family: trebuchet ms,geneva;\">periodiska besiktningar och att dessa blir verkst\u00e4llda.<br \/>\n<\/span><\/span><span style=\"font-size: medium;\"><span style=\"font-family: trebuchet ms,geneva;\">Tillse att tankanl\u00e4ggningens m\u00e4tare blir kr\u00f6nt vid <\/span><\/span><span style=\"font-size: medium;\"><span style=\"font-family: trebuchet ms,geneva;\">fastst\u00e4llda intervaller.<br \/>\n<\/span><\/span><span style=\"font-size: medium;\"><span style=\"font-family: trebuchet ms,geneva;\">Tillse att tankanl\u00e4ggningens filter blir rengjort eller i <\/span><\/span><span style=\"font-size: medium;\"><span style=\"font-family: trebuchet ms,geneva;\">f\u00f6rekommande fall utbytt.<br \/>\n<\/span><\/span><span style=\"font-size: medium;\"><span style=\"font-family: trebuchet ms,geneva;\">Tillse att tank och filterhus blir dr\u00e4nerat samt journal <\/span><\/span><span style=\"font-size: medium;\"><span style=\"font-family: trebuchet ms,geneva;\">uppr\u00e4ttad \u00f6ver dessa \u00e5tg\u00e4rder.<br \/>\n<span style=\"font-size: medium;\"><span style=\"font-family: trebuchet ms,geneva;\">Tillse att tank bottendr\u00e4neras\u00a0en g\u00e5ng per vecka\u00a0samt journal <\/span><\/span><span style=\"font-size: medium;\"><span style=\"font-family: trebuchet ms,geneva;\">uppr\u00e4ttas \u00f6ver dessa \u00e5tg\u00e4rder.<\/span><\/span><br \/>\n<\/span><\/span><span style=\"font-size: medium;\"><span style=\"font-family: trebuchet ms,geneva;\">Tillse att jordkabel \u00e4r i fullgott skick.<br \/>\n<\/span><\/span><span style=\"font-size: medium;\"><span style=\"font-family: trebuchet ms,geneva;\">Tillse att tanken alltid \u00e4r v\u00e4lfylld och h\u00e5lla kontakt <\/span><\/span><span style=\"font-size: medium;\"><span style=\"font-family: trebuchet ms,geneva;\">med leverant\u00f6r av drivmedel.<br \/>\n<\/span><\/span><span style=\"font-size: medium;\"><span style=\"font-family: trebuchet ms,geneva;\">Tillse att\u00a0tankl\u00e5dan runt\u00a0tankanl\u00e4ggningen \u00e4r intakt och <\/span><\/span><span style=\"font-size: medium;\"><span style=\"font-family: trebuchet ms,geneva;\">omgivningen \u00e4r st\u00e4dad.<br \/>\nTillse att tankl\u00e5dan dr\u00e4neras varje vecka.<br \/>\n<\/span><\/span><span style=\"font-size: medium;\"><span style=\"font-family: trebuchet ms,geneva;\">Skall genomg\u00e5 utbildning arrangerad av\u00a0KSAK i samarbete med <\/span><\/span><span style=\"font-size: medium;\"><span style=\"font-family: trebuchet ms,geneva;\">Spr\u00e4ng\u00e4mnesinspektionen.<\/span><\/span><\/span><\/p>\n<p>\u00a0<\/p>\n<p>\u00a0<\/p><\/div>\n<\/div>\n","protected":false},"excerpt":{"rendered":"<p>Process\u00e4gare: Flygplatschefen Syfte S\u00e4kerst\u00e4lla att lagring och distribution av flygbr\u00e4nsle sker enligt g\u00e4llande regler och f\u00f6rordningar. \u00a0 Omfattning Tillse att tankanl\u00e4ggningen uppfyller kraven f\u00f6r periodiska besiktningar och att dessa blir verkst\u00e4llda. Tillse att tankanl\u00e4ggningens m\u00e4tare blir kr\u00f6nt vid fastst\u00e4llda intervaller. Tillse att tankanl\u00e4ggningens filter blir rengjort eller i f\u00f6rekommande fall utbytt. Tillse att tank och [&hellip;]<\/p>\n","protected":false},"author":2,"featured_media":0,"parent":69,"menu_order":2,"comment_status":"closed","ping_status":"closed","template":"page-without-sidebar.php","meta":{"footnotes":""},"class_list":["post-583","page","type-page","status-publish","hentry"],"_links":{"self":[{"href":"https:\/\/flygplats.sjoboflyg.se\/index.php?rest_route=\/wp\/v2\/pages\/583","targetHints":{"allow":["GET"]}}],"collection":[{"href":"https:\/\/flygplats.sjoboflyg.se\/index.php?rest_route=\/wp\/v2\/pages"}],"about":[{"href":"https:\/\/flygplats.sjoboflyg.se\/index.php?rest_route=\/wp\/v2\/types\/page"}],"author":[{"embeddable":true,"href":"https:\/\/flygplats.sjoboflyg.se\/index.php?rest_route=\/wp\/v2\/users\/2"}],"replies":[{"embeddable":true,"href":"https:\/\/flygplats.sjoboflyg.se\/index.php?rest_route=%2Fwp%2Fv2%2Fcomments&post=583"}],"version-history":[{"count":12,"href":"https:\/\/flygplats.sjoboflyg.se\/index.php?rest_route=\/wp\/v2\/pages\/583\/revisions"}],"predecessor-version":[{"id":587,"href":"https:\/\/flygplats.sjoboflyg.se\/index.php?rest_route=\/wp\/v2\/pages\/583\/revisions\/587"}],"up":[{"embeddable":true,"href":"https:\/\/flygplats.sjoboflyg.se\/index.php?rest_route=\/wp\/v2\/pages\/69"}],"wp:attachment":[{"href":"https:\/\/flygplats.sjoboflyg.se\/index.php?rest_route=%2Fwp%2Fv2%2Fmedia&parent=583"}],"curies":[{"name":"wp","href":"https:\/\/api.w.org\/{rel}","templated":true}]}}