{"id":597,"date":"2009-11-14T10:23:10","date_gmt":"2009-11-14T08:23:10","guid":{"rendered":"http:\/\/flygplats.sjoboflyg.se\/?page_id=597"},"modified":"2009-11-17T07:48:42","modified_gmt":"2009-11-17T05:48:42","slug":"utbildning-tankansvarig","status":"publish","type":"page","link":"https:\/\/flygplats.sjoboflyg.se\/?page_id=597","title":{"rendered":"Utbildning tankansvarig"},"content":{"rendered":"<div>\n<p><em><span style=\"background-color: #ffffff;\">Process\u00e4gare: Flygplatschefen<\/span><\/em><\/div>\n<div><span style=\"font-size: medium; font-family: TimesNewRomanPS-BoldMT;\"><span style=\"font-size: medium; font-family: TimesNewRomanPS-BoldMT;\"><span style=\"font-family: trebuchet ms,geneva;\"><strong>Syfte<br \/>\n<\/strong>S\u00e4kerst\u00e4lla att ansvarig personal genomg\u00e5r erforderlig utbildning<\/span><\/span><\/span><span style=\"font-size: medium; font-family: TimesNewRomanPS-BoldMT;\"><span style=\"font-size: medium; font-family: TimesNewRomanPS-BoldMT;\"><span style=\"font-family: trebuchet ms,geneva;\">.<\/span><\/span><\/span><\/div>\n<div><span style=\"font-size: medium; font-family: TimesNewRomanPS-BoldMT;\"><span style=\"font-size: medium; font-family: TimesNewRomanPS-BoldMT;\"><span style=\"font-family: trebuchet ms,geneva;\"><br \/>\n<\/span><\/span><\/span><\/div>\n<div>\n<div><span style=\"font-family: trebuchet ms,geneva;\"><span style=\"font-size: medium;\"><span style=\"font-family: Georgia;\"><span style=\"font-family: trebuchet ms,geneva;\"><strong>Omfattning<\/strong><br \/>\n<span style=\"font-size: medium;\">Tankanl\u00e4ggning f\u00f6r flygbensin AVGAS91\/96<\/span><\/span><\/span><\/span><\/span><\/div>\n<div><span style=\"font-family: trebuchet ms,geneva;\"><span style=\"font-size: medium;\"><span style=\"font-family: Georgia;\"><span style=\"font-family: trebuchet ms,geneva;\"><span style=\"font-size: medium;\">\u00a0<\/span><\/span><\/span><\/span><\/span><\/div>\n<div><span style=\"font-family: trebuchet ms,geneva;\"><span style=\"font-size: medium;\"><span style=\"font-family: Georgia;\"><span style=\"font-family: trebuchet ms,geneva;\"><span style=\"font-size: medium;\"><strong>\u00c5tg\u00e4rder<\/strong><br \/>\nSkall genomg\u00e5 utbildning arrangerad av\u00a0KSAK i samarbete med Spr\u00e4ng\u00e4mnesinspektionen.<\/p>\n<p><\/span><\/span><\/span><\/span><\/span><\/div>\n<\/div>\n","protected":false},"excerpt":{"rendered":"<p>Process\u00e4gare: Flygplatschefen Syfte S\u00e4kerst\u00e4lla att ansvarig personal genomg\u00e5r erforderlig utbildning. Omfattning Tankanl\u00e4ggning f\u00f6r flygbensin AVGAS91\/96 \u00a0 \u00c5tg\u00e4rder Skall genomg\u00e5 utbildning arrangerad av\u00a0KSAK i samarbete med Spr\u00e4ng\u00e4mnesinspektionen.<\/p>\n","protected":false},"author":2,"featured_media":0,"parent":69,"menu_order":4,"comment_status":"closed","ping_status":"closed","template":"page-without-sidebar.php","meta":{"footnotes":""},"class_list":["post-597","page","type-page","status-publish","hentry"],"_links":{"self":[{"href":"https:\/\/flygplats.sjoboflyg.se\/index.php?rest_route=\/wp\/v2\/pages\/597","targetHints":{"allow":["GET"]}}],"collection":[{"href":"https:\/\/flygplats.sjoboflyg.se\/index.php?rest_route=\/wp\/v2\/pages"}],"about":[{"href":"https:\/\/flygplats.sjoboflyg.se\/index.php?rest_route=\/wp\/v2\/types\/page"}],"author":[{"embeddable":true,"href":"https:\/\/flygplats.sjoboflyg.se\/index.php?rest_route=\/wp\/v2\/users\/2"}],"replies":[{"embeddable":true,"href":"https:\/\/flygplats.sjoboflyg.se\/index.php?rest_route=%2Fwp%2Fv2%2Fcomments&post=597"}],"version-history":[{"count":9,"href":"https:\/\/flygplats.sjoboflyg.se\/index.php?rest_route=\/wp\/v2\/pages\/597\/revisions"}],"predecessor-version":[{"id":648,"href":"https:\/\/flygplats.sjoboflyg.se\/index.php?rest_route=\/wp\/v2\/pages\/597\/revisions\/648"}],"up":[{"embeddable":true,"href":"https:\/\/flygplats.sjoboflyg.se\/index.php?rest_route=\/wp\/v2\/pages\/69"}],"wp:attachment":[{"href":"https:\/\/flygplats.sjoboflyg.se\/index.php?rest_route=%2Fwp%2Fv2%2Fmedia&parent=597"}],"curies":[{"name":"wp","href":"https:\/\/api.w.org\/{rel}","templated":true}]}}