{"id":617,"date":"2009-11-14T14:14:15","date_gmt":"2009-11-14T12:14:15","guid":{"rendered":"http:\/\/flygplats.sjoboflyg.se\/?page_id=617"},"modified":"2009-11-18T07:54:24","modified_gmt":"2009-11-18T05:54:24","slug":"grasklippning","status":"publish","type":"page","link":"https:\/\/flygplats.sjoboflyg.se\/?page_id=617","title":{"rendered":"Gr\u00e4sklippning"},"content":{"rendered":"<p><em>Process\u00e4gare: F\u00e4ltgruppen<\/em><\/p>\n<p><span style=\"font-size: medium;\"><span style=\"font-family: trebuchet ms,geneva;\"><strong>Syfte <\/strong><br \/>\nRutiner f\u00f6r underh\u00e5llsarbete ute p\u00e5 motorflygstr\u00e5ket\u00a0\u00a0\u00a0<\/span><\/span><\/p>\n<p><span style=\"font-family: trebuchet ms,geneva;\"><span style=\"font-size: medium;\"><strong>Omfattning<\/strong><br \/>\nMotorflygstr\u00e5ket 12-30 med taxibana fram till tankanl\u00e4ggningen samt uppst\u00e4llningsplats i anslutning till tankanl\u00e4ggningen<\/span><\/span><\/p>\n<p><span style=\"font-family: trebuchet ms,geneva;\"><span style=\"font-size: medium;\"><strong>\u00c5tg\u00e4rder<br \/>\n<\/strong>Vid arbete med traktor eller andra maskiner ute p\u00e5 f\u00e4ltomr\u00e5det ska dessa fordon vara f\u00f6rsedda med blinkande varningsljus. Dessa arbeten utf\u00f6rs av f\u00e4ltgruppen. Maskinf\u00f6raren ska vara utrustad med radio f\u00f6r att kunna avlyssna trafik p\u00e5 och kring flygplatsen.<br \/>\nArbetet ska n\u00e4r s\u00e5 \u00e4r m\u00f6jligt f\u00f6rl\u00e4ggas till perioder med l\u00e5g trafikintensitet. Rapporteras ankommande trafik ska maskinerna avl\u00e4gsnas fr\u00e5n motorflygstr\u00e5ket.<\/span><\/span><\/p>\n<p><span style=\"font-family: trebuchet ms,geneva;\"><span style=\"font-size: medium;\">Anlitas externa entrepren\u00f6rer f\u00f6r arbete p\u00e5 f\u00e4ltet ska dessa noga informeras om t\u00e4nkbara trafiksituationer\u00a0som kan uppst\u00e5. I \u00f6vrigt g\u00e4ller samma regler f\u00f6r markering av fordon och avlyssning av flygplatstrafik.\u00a0<\/span><\/span><\/p>\n<p><span style=\"font-family: trebuchet ms,geneva;\"><span style=\"font-size: medium;\">Skriv rapport efter avslutat underh\u00e5llsarbete.<\/span><\/span><\/p>\n<p><span style=\"font-family: trebuchet ms,geneva;\"><span style=\"font-size: medium;\">\u00a0<\/span><\/span><\/p>\n","protected":false},"excerpt":{"rendered":"<p>Process\u00e4gare: F\u00e4ltgruppen Syfte Rutiner f\u00f6r underh\u00e5llsarbete ute p\u00e5 motorflygstr\u00e5ket\u00a0\u00a0\u00a0 Omfattning Motorflygstr\u00e5ket 12-30 med taxibana fram till tankanl\u00e4ggningen samt uppst\u00e4llningsplats i anslutning till tankanl\u00e4ggningen \u00c5tg\u00e4rder Vid arbete med traktor eller andra maskiner ute p\u00e5 f\u00e4ltomr\u00e5det ska dessa fordon vara f\u00f6rsedda med blinkande varningsljus. Dessa arbeten utf\u00f6rs av f\u00e4ltgruppen. Maskinf\u00f6raren ska vara utrustad med radio f\u00f6r att [&hellip;]<\/p>\n","protected":false},"author":2,"featured_media":0,"parent":16,"menu_order":0,"comment_status":"closed","ping_status":"closed","template":"page-without-sidebar.php","meta":{"footnotes":""},"class_list":["post-617","page","type-page","status-publish","hentry"],"_links":{"self":[{"href":"https:\/\/flygplats.sjoboflyg.se\/index.php?rest_route=\/wp\/v2\/pages\/617","targetHints":{"allow":["GET"]}}],"collection":[{"href":"https:\/\/flygplats.sjoboflyg.se\/index.php?rest_route=\/wp\/v2\/pages"}],"about":[{"href":"https:\/\/flygplats.sjoboflyg.se\/index.php?rest_route=\/wp\/v2\/types\/page"}],"author":[{"embeddable":true,"href":"https:\/\/flygplats.sjoboflyg.se\/index.php?rest_route=\/wp\/v2\/users\/2"}],"replies":[{"embeddable":true,"href":"https:\/\/flygplats.sjoboflyg.se\/index.php?rest_route=%2Fwp%2Fv2%2Fcomments&post=617"}],"version-history":[{"count":9,"href":"https:\/\/flygplats.sjoboflyg.se\/index.php?rest_route=\/wp\/v2\/pages\/617\/revisions"}],"predecessor-version":[{"id":621,"href":"https:\/\/flygplats.sjoboflyg.se\/index.php?rest_route=\/wp\/v2\/pages\/617\/revisions\/621"}],"up":[{"embeddable":true,"href":"https:\/\/flygplats.sjoboflyg.se\/index.php?rest_route=\/wp\/v2\/pages\/16"}],"wp:attachment":[{"href":"https:\/\/flygplats.sjoboflyg.se\/index.php?rest_route=%2Fwp%2Fv2%2Fmedia&parent=617"}],"curies":[{"name":"wp","href":"https:\/\/api.w.org\/{rel}","templated":true}]}}