{"id":64,"date":"2009-10-18T21:16:35","date_gmt":"2009-10-18T19:16:35","guid":{"rendered":"http:\/\/flygplats.sjoboflyg.se\/?page_id=64"},"modified":"2013-10-24T14:23:28","modified_gmt":"2013-10-24T12:23:28","slug":"segelflygstrak","status":"publish","type":"page","link":"https:\/\/flygplats.sjoboflyg.se\/?page_id=64","title":{"rendered":"Segelflygstr\u00e5k"},"content":{"rendered":"<p><em>Process\u00e4gare: F\u00e4ltgruppen MSFK<\/em><\/p>\n<p><span style=\"font-size: medium;\"><span style=\"font-family: trebuchet ms,geneva;\"><strong>Syfte <\/strong><br \/>\nS\u00e4kerst\u00e4lla att segelflygstr\u00e5ket uppfyller g\u00e4llande myndighetskrav och underh\u00e5lles p\u00e5 ett s\u00e4tt som s\u00e4kerst\u00e4ller full tillg\u00e4nglighet \u00e5ret runt med undantag f\u00f6r vinterf\u00f6rh\u00e5llande som kr\u00e4ver sn\u00f6r\u00f6jning. <\/span><\/span><\/p>\n<p><span style=\"font-family: trebuchet ms,geneva;\"><span style=\"font-size: medium;\"><strong>Omfattning<\/strong><br \/>\nSegelflygstr\u00e5ket 12-30 med taxibana fram till\u00a0segelflyghangaren<\/span><\/span><\/p>\n<p><span style=\"font-family: trebuchet ms,geneva;\"><span style=\"font-size: medium;\"><strong>\u00c5tg\u00e4rder<\/strong><\/span><\/span><\/p>\n<table border=\"0\" align=\"left\">\n<thead>\n<tr align=\"left\" valign=\"middle\">\n<td><span style=\"font-size: medium;\"><span style=\"font-family: trebuchet ms,geneva;\"><strong>Beskrivning<\/strong><\/span><\/span><\/td>\n<td><span style=\"font-size: medium;\"><span style=\"font-family: trebuchet ms,geneva;\"><span style=\"font-size: medium;\"><strong>Ansvarig<\/strong><\/span><\/span><\/span><\/td>\n<td><span style=\"font-size: medium;\"><span style=\"font-family: trebuchet ms,geneva;\"><span style=\"font-size: medium;\"><strong>St\u00f6dprocess \/ Dokument<\/strong><\/span><\/span><\/span><\/td>\n<\/tr>\n<tr align=\"left\" valign=\"middle\">\n<td><span style=\"font-size: medium;\"><span style=\"font-family: trebuchet ms,geneva;\"><span style=\"font-size: medium;\">Inspektion av omr\u00e5det <\/span><\/span><\/span><\/td>\n<td><span style=\"font-size: medium;\"><span style=\"font-family: trebuchet ms,geneva;\">Segelflygledaren<\/span> <\/span><\/td>\n<td><span style=\"font-size: medium;\"><a href=\"http:\/\/flygplats.sjoboflyg.se\/?page_id=820 \" target=\"_blank\"><span style=\"font-family: trebuchet ms,geneva;\">Inspektion<br \/>\nGr\u00e4sklippning<\/span><\/a><\/span><\/td>\n<\/tr>\n<tr align=\"left\" valign=\"middle\">\n<td><span style=\"font-size: medium;\"><span style=\"font-family: trebuchet ms,geneva;\"><span style=\"font-size: medium;\">Kontroll av hinderfrihet<\/span><\/span><\/span><\/td>\n<td><span style=\"font-size: medium;\"><span style=\"font-family: trebuchet ms,geneva;\">F\u00e4ltgruppen MSFK<\/span><\/span><\/td>\n<td><span style=\"font-size: medium;\"><a href=\"http:\/\/flygplats.sjoboflyg.se\/?page_id=827\" target=\"_blank\"><span style=\"font-family: trebuchet ms,geneva;\">Hinderfrihet<\/span><\/a><\/span><\/td>\n<\/tr>\n<tr>\n<td><span style=\"font-size: medium;\"><span style=\"font-family: trebuchet ms,geneva;\"><span style=\"font-size: medium;\">Gr\u00e4sklippning och annat underh\u00e5llsarbete<br \/>\np\u00e5 segelflygstr\u00e5ket<\/span><\/span><\/span><\/td>\n<td><span style=\"font-size: medium;\"><span style=\"font-family: trebuchet ms,geneva;\">F\u00e4ltgruppen MSFK<\/span><\/span><\/td>\n<td><span style=\"font-family: trebuchet ms,geneva;\"><span style=\"font-size: medium;\"><a href=\" http:\/\/flygplats.sjoboflyg.se\/?page_id=833 \" target=\"_blank\">Gr\u00e4sklippning<\/a><\/span><\/span><\/td>\n<\/tr>\n<tr>\n<td><span style=\"font-family: trebuchet ms,geneva;\"><span style=\"font-size: medium;\">Tj\u00e4nstg\u00f6ringslista Flygledare<\/span><\/span><\/td>\n<td><\/td>\n<td><a href=\"http:\/\/flygplats.sjoboflyg.se\/wp-content\/uploads\/2009\/10\/Flygledare-2010.pdf\" target=\"_blank\"><span style=\"font-family: trebuchet ms,geneva;\"><span style=\"font-size: medium;\">Flygledare 2010<\/span><\/span><\/a><\/td>\n<\/tr>\n<\/thead>\n<\/table>\n","protected":false},"excerpt":{"rendered":"<p>Process\u00e4gare: F\u00e4ltgruppen MSFK Syfte S\u00e4kerst\u00e4lla att segelflygstr\u00e5ket uppfyller g\u00e4llande myndighetskrav och underh\u00e5lles p\u00e5 ett s\u00e4tt som s\u00e4kerst\u00e4ller full tillg\u00e4nglighet \u00e5ret runt med undantag f\u00f6r vinterf\u00f6rh\u00e5llande som kr\u00e4ver sn\u00f6r\u00f6jning. Omfattning Segelflygstr\u00e5ket 12-30 med taxibana fram till\u00a0segelflyghangaren \u00c5tg\u00e4rder Beskrivning Ansvarig St\u00f6dprocess \/ Dokument Inspektion av omr\u00e5det Segelflygledaren Inspektion Gr\u00e4sklippning Kontroll av hinderfrihet F\u00e4ltgruppen MSFK Hinderfrihet Gr\u00e4sklippning och [&hellip;]<\/p>\n","protected":false},"author":2,"featured_media":0,"parent":0,"menu_order":0,"comment_status":"closed","ping_status":"closed","template":"page-without-sidebar.php","meta":{"footnotes":""},"class_list":["post-64","page","type-page","status-publish","hentry"],"_links":{"self":[{"href":"https:\/\/flygplats.sjoboflyg.se\/index.php?rest_route=\/wp\/v2\/pages\/64","targetHints":{"allow":["GET"]}}],"collection":[{"href":"https:\/\/flygplats.sjoboflyg.se\/index.php?rest_route=\/wp\/v2\/pages"}],"about":[{"href":"https:\/\/flygplats.sjoboflyg.se\/index.php?rest_route=\/wp\/v2\/types\/page"}],"author":[{"embeddable":true,"href":"https:\/\/flygplats.sjoboflyg.se\/index.php?rest_route=\/wp\/v2\/users\/2"}],"replies":[{"embeddable":true,"href":"https:\/\/flygplats.sjoboflyg.se\/index.php?rest_route=%2Fwp%2Fv2%2Fcomments&post=64"}],"version-history":[{"count":20,"href":"https:\/\/flygplats.sjoboflyg.se\/index.php?rest_route=\/wp\/v2\/pages\/64\/revisions"}],"predecessor-version":[{"id":1143,"href":"https:\/\/flygplats.sjoboflyg.se\/index.php?rest_route=\/wp\/v2\/pages\/64\/revisions\/1143"}],"wp:attachment":[{"href":"https:\/\/flygplats.sjoboflyg.se\/index.php?rest_route=%2Fwp%2Fv2%2Fmedia&parent=64"}],"curies":[{"name":"wp","href":"https:\/\/api.w.org\/{rel}","templated":true}]}}