{"id":666,"date":"2009-11-17T22:31:14","date_gmt":"2009-11-17T20:31:14","guid":{"rendered":"http:\/\/flygplats.sjoboflyg.se\/?page_id=666"},"modified":"2009-11-18T21:17:36","modified_gmt":"2009-11-18T19:17:36","slug":"avvikelserapportering","status":"publish","type":"page","link":"https:\/\/flygplats.sjoboflyg.se\/?page_id=666","title":{"rendered":"Avvikelserapportering"},"content":{"rendered":"<p><em>Process\u00e4gare: Flygplatschefen<\/em><\/p>\n<p><span style=\"font-family: trebuchet ms,geneva;\"><span style=\"font-size: medium;\"><strong>Syfte<\/strong><br \/>\nInformera om rutinerna f\u00f6r avvikelserapportering.<br \/>\nDenna rutin innefattar ocks\u00e5 rapportering av underh\u00e5lls\u00e5tg\u00e4rder p\u00e5 f\u00e4ltet.<br \/>\n<\/span><\/span><span style=\"font-family: trebuchet ms,geneva;\"><span style=\"font-size: medium;\"><strong><br \/>\n\u00c5tg\u00e4rder<\/strong><\/span><\/span><\/p>\n<p><span style=\"font-family: trebuchet ms,geneva;\"><span style=\"font-size: medium;\">F\u00f6r att rapportera avvikelser, l\u00e4mna f\u00f6rb\u00e4ttringsf\u00f6rslag eller beskriva utf\u00f6rda \u00e5tg\u00e4rder anv\u00e4nds rapportgeneratorn.<br \/>\nS\u00e4nd ett mejl med ditt \u00e4rende till n\u00e5gon av\u00a0nedanst\u00e5ende epostadresser.<br \/>\n<\/span><\/span><span style=\"font-family: trebuchet ms,geneva;\"><span style=\"font-size: medium;\">Skriv p\u00e5 \u00e4mnesraden en kort rubrik som beskriver ditt \u00e4rende.<br \/>\nAlla rapporter tilldelas ett \u00e4rendenummer och kan sedan f\u00f6ljas.<br \/>\n<\/span><\/span><\/p>\n<div><span style=\"font-family: trebuchet ms,geneva;\"><span style=\"font-size: medium;\">Rapportskrivaren f\u00e5r ett mejl, se nedan, som bekr\u00e4ftelse och samtidigt g\u00e5r ocks\u00e5 mejl till ansvariga f\u00f6r f\u00e4ltets sk\u00f6tsel.<\/span><\/span><\/div>\n<div><span style=\"font-family: trebuchet ms,geneva;\"><span style=\"font-size: medium;\">\u00a0<\/span><\/span><\/div>\n<div><span style=\"font-family: trebuchet ms,geneva;\"><span style=\"font-size: medium;\"><strong>Rapportgrupper<\/strong><\/span><\/span><\/div>\n<div><span style=\"font-family: trebuchet ms,geneva;\"><span style=\"font-size: medium;\"><br \/>\n<\/span><\/span><span style=\"font-family: trebuchet ms,geneva;\"><span style=\"font-size: medium;\"><span style=\"font-size: x-small; font-family: Courier;\"><span style=\"font-size: x-small; font-family: Courier;\"><span style=\"font-family: trebuchet ms,geneva;\"><span style=\"font-size: medium;\"><a href=\"mailto:brukare@rt.sjoboflyg.se\"><strong>brukare@rt.sjoboflyg.se<\/strong><\/a><br \/>\n<a href=\"mailto:flygplats@rt.sjoboflyg.se\"><strong>flygplats@rt.sjoboflyg.se<\/strong><\/a><br \/>\n<a href=\"mailto:modellflyg@rt.sjoboflyg.se\"><strong>modellflyg@rt.sjoboflyg.se<\/strong><\/a><br \/>\n<a href=\"mailto:motorflyg@rt.sjoboflyg.se\"><strong>motorflyg@rt.sjoboflyg.se<\/strong><\/a><br \/>\n<a href=\"mailto:segelflyg@rt.sjoboflyg.se\"><strong>segelflyg@rt.sjoboflyg.se<\/strong><\/a><br \/>\n<\/span><\/span><a href=\"mailto:tank@rt.sjoboflyg.se\"><span style=\"font-family: trebuchet ms,geneva;\"><span style=\"font-size: medium;\"><strong>tank@rt.sjoboflyg.se<\/strong><\/span><\/span><\/a><\/span><\/span><\/span><\/span><span style=\"font-size: x-small; font-family: Courier;\"><span style=\"font-size: x-small; font-family: Courier;\"><span style=\"font-size: medium;\"><span style=\"font-family: trebuchet ms,geneva;\">\u00a0<\/span><\/span>\u00a0<\/span><\/span><\/div>\n<div><span style=\"font-size: x-small; font-family: Courier;\"><span style=\"font-size: x-small; font-family: Courier;\"><strong>\u00a0<\/strong><\/span><\/span><\/div>\n<div><span style=\"font-size: x-small; font-family: Courier;\"><span style=\"font-size: x-small; font-family: Courier;\"><span style=\"font-size: medium;\"><span style=\"font-family: trebuchet ms,geneva;\"><strong>Svarsmeddelande<\/strong><\/span><\/span><\/span><\/span><\/div>\n<div><span style=\"font-size: x-small; font-family: Courier;\"><span style=\"font-size: x-small; font-family: Courier;\"><span style=\"font-size: medium;\"><span style=\"font-family: trebuchet ms,geneva;\"><br \/>\n&#8221;Hej,<\/span><\/span><\/span><\/span><\/div>\n<div><span style=\"font-size: x-small; font-family: Courier;\"><span style=\"font-size: x-small; font-family: Courier;\"><span style=\"font-size: medium;\"><span style=\"font-family: trebuchet ms,geneva;\">Detta \u00e4r ett automatiskt brev fr\u00e5n Sj\u00f6bo-S\u00f6vde flygplats kvalitets-<br \/>\noch ledningssystem.<\/span><\/span><\/span><\/span><\/div>\n<div><span style=\"font-size: x-small; font-family: Courier;\"><span style=\"font-size: x-small; font-family: Courier;\"><span style=\"font-size: medium;\"><span style=\"font-family: trebuchet ms,geneva;\">Om det kommer mer information s\u00e5 g\u00e5r det bra att skicka denna som ett<br \/>\nsvar p\u00e5 detta brev.<\/span><\/span><\/span><\/span><\/div>\n<div><span style=\"font-size: x-small; font-family: Courier;\"><span style=\"font-size: x-small; font-family: Courier;\"><span style=\"font-size: medium;\"><span style=\"font-family: trebuchet ms,geneva;\">Vi har tagit emot ditt brev &lt;subject p\u00e5 inkommande mail&gt;.<br \/>\nAnsvarig person kommer att ta hand om \u00e4rendet och eventuellt \u00e5terkomma<br \/>\ntill dig.<\/span><\/span><\/span><\/span><\/div>\n<div><span style=\"font-size: x-small; font-family: Courier;\"><span style=\"font-size: x-small; font-family: Courier;\"><span style=\"font-size: medium;\"><span style=\"font-family: trebuchet ms,geneva;\"><span style=\"font-size: x-small; font-family: Courier;\"><span style=\"font-size: x-small; font-family: Courier;\"><span style=\"font-size: medium;\"><span style=\"font-family: trebuchet ms,geneva;\">V\u00e4nliga h\u00e4lsningar,<br \/>\nSj\u00f6bo-S\u00f6vde flygplats<\/span><\/span><\/span><\/span><\/span><\/span><\/span><\/span><\/div>\n<div><span style=\"font-size: x-small; font-family: Courier;\"><span style=\"font-size: x-small; font-family: Courier;\"><span style=\"font-size: medium;\"><span style=\"font-family: trebuchet ms,geneva;\">\u00a0<\/span><\/span><\/span><\/span><\/div>\n<div><span style=\"font-size: x-small; font-family: Courier;\"><span style=\"font-size: x-small; font-family: Courier;\"><span style=\"font-size: medium;\"><span style=\"font-family: trebuchet ms,geneva;\">\u00a0<\/span><\/span><\/span><\/span><\/div>\n<p><span style=\"font-size: x-small; font-family: Courier;\"><span style=\"font-size: x-small; font-family: Courier;\"><span style=\"font-size: medium;\"><span style=\"font-family: trebuchet ms,geneva;\">\u00a0<\/p>\n<p><\/span><\/span><\/span><\/span><\/p>\n","protected":false},"excerpt":{"rendered":"<p>Process\u00e4gare: Flygplatschefen Syfte Informera om rutinerna f\u00f6r avvikelserapportering. Denna rutin innefattar ocks\u00e5 rapportering av underh\u00e5lls\u00e5tg\u00e4rder p\u00e5 f\u00e4ltet. \u00c5tg\u00e4rder F\u00f6r att rapportera avvikelser, l\u00e4mna f\u00f6rb\u00e4ttringsf\u00f6rslag eller beskriva utf\u00f6rda \u00e5tg\u00e4rder anv\u00e4nds rapportgeneratorn. S\u00e4nd ett mejl med ditt \u00e4rende till n\u00e5gon av\u00a0nedanst\u00e5ende epostadresser. Skriv p\u00e5 \u00e4mnesraden en kort rubrik som beskriver ditt \u00e4rende. Alla rapporter tilldelas ett \u00e4rendenummer [&hellip;]<\/p>\n","protected":false},"author":2,"featured_media":0,"parent":5,"menu_order":0,"comment_status":"closed","ping_status":"closed","template":"page-without-sidebar.php","meta":{"footnotes":""},"class_list":["post-666","page","type-page","status-publish","hentry"],"_links":{"self":[{"href":"https:\/\/flygplats.sjoboflyg.se\/index.php?rest_route=\/wp\/v2\/pages\/666","targetHints":{"allow":["GET"]}}],"collection":[{"href":"https:\/\/flygplats.sjoboflyg.se\/index.php?rest_route=\/wp\/v2\/pages"}],"about":[{"href":"https:\/\/flygplats.sjoboflyg.se\/index.php?rest_route=\/wp\/v2\/types\/page"}],"author":[{"embeddable":true,"href":"https:\/\/flygplats.sjoboflyg.se\/index.php?rest_route=\/wp\/v2\/users\/2"}],"replies":[{"embeddable":true,"href":"https:\/\/flygplats.sjoboflyg.se\/index.php?rest_route=%2Fwp%2Fv2%2Fcomments&post=666"}],"version-history":[{"count":14,"href":"https:\/\/flygplats.sjoboflyg.se\/index.php?rest_route=\/wp\/v2\/pages\/666\/revisions"}],"predecessor-version":[{"id":670,"href":"https:\/\/flygplats.sjoboflyg.se\/index.php?rest_route=\/wp\/v2\/pages\/666\/revisions\/670"}],"up":[{"embeddable":true,"href":"https:\/\/flygplats.sjoboflyg.se\/index.php?rest_route=\/wp\/v2\/pages\/5"}],"wp:attachment":[{"href":"https:\/\/flygplats.sjoboflyg.se\/index.php?rest_route=%2Fwp%2Fv2%2Fmedia&parent=666"}],"curies":[{"name":"wp","href":"https:\/\/api.w.org\/{rel}","templated":true}]}}