{"id":67,"date":"2009-10-18T21:18:46","date_gmt":"2009-10-18T19:18:46","guid":{"rendered":"http:\/\/flygplats.sjoboflyg.se\/?page_id=67"},"modified":"2013-10-24T13:42:13","modified_gmt":"2013-10-24T11:42:13","slug":"modellflygomrade","status":"publish","type":"page","link":"https:\/\/flygplats.sjoboflyg.se\/?page_id=67","title":{"rendered":"Modellflygomr\u00e5de"},"content":{"rendered":"<p><span style=\"font-size: medium;\"><span style=\"font-family: trebuchet ms,geneva;\"><em><span style=\"font-size: small;\">Process\u00e4gare: AcroFlyers<\/span><\/em><\/span><\/span><\/p>\n<p><span style=\"font-size: medium;\"><span style=\"font-family: trebuchet ms,geneva;\"><strong>Syfte <\/strong><br \/>\nS\u00e4kerst\u00e4lla att\u00a0modellflygverksamheten kan bedrivas\u00a0och utvecklas\u00a0samtidigt som\u00a0flygs\u00e4kerheten\u00a0f\u00f6r segel- och motorflyg ej p\u00e5verkas. <\/span><\/span><\/p>\n<p><span style=\"font-family: trebuchet ms,geneva;\"><span style=\"font-size: medium;\"><strong>Omfattning<br \/>\n<\/strong>Modellflygomr\u00e5det samt luftrummet d\u00e4rintill.<\/span><\/span><\/p>\n<p><span style=\"font-family: trebuchet ms,geneva;\"><span style=\"font-size: medium;\"><strong>\u00c5tg\u00e4rder<\/strong><\/span><\/span><\/p>\n<p><span style=\"font-family: trebuchet ms,geneva;\"><span style=\"font-size: medium;\">Erforderligt underh\u00e5ll<\/span><\/span><\/p>\n<p><span style=\"font-family: trebuchet ms,geneva;\"><span style=\"font-size: medium;\">Regler f\u00f6r att anv\u00e4nda modellflygomr\u00e5det<br \/>\n<\/span><\/span><\/p>\n<p><span style=\"font-size: medium;\"><span style=\"font-family: trebuchet ms,geneva;\"><a href=\"http:\/\/flygplats.sjoboflyg.se\/wp-content\/uploads\/2009\/10\/Sakerhet_regler-AcroFlyers1.pdf\">Sakerhet_regler AcroFlyers<\/a><\/span><\/span><\/p>\n<p>&nbsp;<\/p>\n","protected":false},"excerpt":{"rendered":"<p>Process\u00e4gare: AcroFlyers Syfte S\u00e4kerst\u00e4lla att\u00a0modellflygverksamheten kan bedrivas\u00a0och utvecklas\u00a0samtidigt som\u00a0flygs\u00e4kerheten\u00a0f\u00f6r segel- och motorflyg ej p\u00e5verkas. Omfattning Modellflygomr\u00e5det samt luftrummet d\u00e4rintill. \u00c5tg\u00e4rder Erforderligt underh\u00e5ll Regler f\u00f6r att anv\u00e4nda modellflygomr\u00e5det Sakerhet_regler AcroFlyers &nbsp;<\/p>\n","protected":false},"author":2,"featured_media":0,"parent":0,"menu_order":0,"comment_status":"closed","ping_status":"closed","template":"page-without-sidebar.php","meta":{"footnotes":""},"class_list":["post-67","page","type-page","status-publish","hentry"],"_links":{"self":[{"href":"https:\/\/flygplats.sjoboflyg.se\/index.php?rest_route=\/wp\/v2\/pages\/67","targetHints":{"allow":["GET"]}}],"collection":[{"href":"https:\/\/flygplats.sjoboflyg.se\/index.php?rest_route=\/wp\/v2\/pages"}],"about":[{"href":"https:\/\/flygplats.sjoboflyg.se\/index.php?rest_route=\/wp\/v2\/types\/page"}],"author":[{"embeddable":true,"href":"https:\/\/flygplats.sjoboflyg.se\/index.php?rest_route=\/wp\/v2\/users\/2"}],"replies":[{"embeddable":true,"href":"https:\/\/flygplats.sjoboflyg.se\/index.php?rest_route=%2Fwp%2Fv2%2Fcomments&post=67"}],"version-history":[{"count":14,"href":"https:\/\/flygplats.sjoboflyg.se\/index.php?rest_route=\/wp\/v2\/pages\/67\/revisions"}],"predecessor-version":[{"id":1136,"href":"https:\/\/flygplats.sjoboflyg.se\/index.php?rest_route=\/wp\/v2\/pages\/67\/revisions\/1136"}],"wp:attachment":[{"href":"https:\/\/flygplats.sjoboflyg.se\/index.php?rest_route=%2Fwp%2Fv2%2Fmedia&parent=67"}],"curies":[{"name":"wp","href":"https:\/\/api.w.org\/{rel}","templated":true}]}}