{"id":69,"date":"2009-10-18T21:19:46","date_gmt":"2009-10-18T19:19:46","guid":{"rendered":"http:\/\/flygplats.sjoboflyg.se\/?page_id=69"},"modified":"2010-04-05T12:15:59","modified_gmt":"2010-04-05T10:15:59","slug":"tankanlaggning","status":"publish","type":"page","link":"https:\/\/flygplats.sjoboflyg.se\/?page_id=69","title":{"rendered":"Tankanl\u00e4ggning"},"content":{"rendered":"<div>\n<p><em><span style=\"background-color: #ffffff;\">Process\u00e4gare: Flygplatschefen<\/span><\/em><\/div>\n<div><span style=\"font-size: medium; font-family: TimesNewRomanPS-BoldMT;\"><span style=\"font-size: medium; font-family: TimesNewRomanPS-BoldMT;\"><span style=\"font-family: trebuchet ms,geneva;\"><strong>Syfte<br \/>\n<\/strong>S\u00e4kerst\u00e4lla att lagring och distribution av flygbr\u00e4nsle sker enligt g\u00e4llande regler<\/span><\/span><\/span><\/div>\n<div><span style=\"font-size: medium; font-family: TimesNewRomanPS-BoldMT;\"><span style=\"font-size: medium; font-family: TimesNewRomanPS-BoldMT;\"><span style=\"font-family: trebuchet ms,geneva;\">och f\u00f6rordningar.<\/span><\/span><\/span><\/div>\n<div><span style=\"font-size: medium; font-family: TimesNewRomanPS-BoldMT;\"><span style=\"font-size: medium; font-family: TimesNewRomanPS-BoldMT;\"><span style=\"font-family: trebuchet ms,geneva;\"><br \/>\n<\/span><\/span><\/span><\/div>\n<div>\n<div><span style=\"font-family: trebuchet ms,geneva;\"><strong><span style=\"font-size: medium;\"><span style=\"font-family: Georgia;\"> <\/span><\/span><\/strong><\/span><\/div>\n<p><span style=\"font-family: trebuchet ms,geneva;\"><span style=\"font-size: medium;\"><span style=\"font-family: Georgia;\"><span style=\"font-family: trebuchet ms,geneva;\"><strong>Omfattning<\/strong><br \/>\n<span style=\"font-size: medium;\">Tankanl\u00e4ggningen \u00e4gs av Hjelmco Oil AB. Sj\u00f6bo Flygklubb administrera och underh\u00e5ller anl\u00e4ggningen.<br \/>\n<\/span><\/span><\/span><\/span><\/span><span style=\"font-family: trebuchet ms,geneva;\"><span style=\"font-size: medium;\"><span style=\"font-family: Georgia;\"><span style=\"font-family: trebuchet ms,geneva;\"><span style=\"font-family: trebuchet ms,geneva;\"><span style=\"font-size: medium;\"><span style=\"font-family: trebuchet ms,geneva;\">Enligt \u00a710 i Sj\u00f6bo Flygklubbs stadgar (val av befattningshavare) utser ordinarie \u00e5rsm\u00f6te tankansvarig.<\/span><\/span><\/span><\/span><\/span><\/span><\/span><span style=\"font-family: trebuchet ms,geneva;\"><span style=\"font-size: medium;\"><span style=\"font-family: Georgia;\"><span style=\"font-family: trebuchet ms,geneva;\"><span style=\"font-size: medium;\"><br \/>\nAVGAS 91\/96 distribueras\u00a0till operat\u00f6rer p\u00e5 flygplatsen samt f\u00f6rs\u00e4ljning till g\u00e4stande flygplan.<\/span><\/span><span style=\"font-family: trebuchet ms,geneva;\"><span style=\"font-family: trebuchet ms,geneva;\"><span style=\"font-size: medium;\"><span style=\"font-family: trebuchet ms,geneva;\"><br \/>\nAnl\u00e4ggningen \u00e4r f\u00f6rsedd med nyckelr\u00e4kneverk och tankning sker genom sj\u00e4lvbetj\u00e4ning.<br \/>\nF\u00f6rs\u00e4ljning till g\u00e4stande flygplan administreras av Sj\u00f6bo <\/span><\/span><\/span><\/span><\/span><\/span><\/span><span style=\"font-family: trebuchet ms,geneva;\"><span style=\"font-size: medium;\"><span style=\"font-family: Georgia;\"><span style=\"font-family: trebuchet ms,geneva;\"><span style=\"font-size: medium;\">Flygklubb<\/span><\/span><\/span><\/span><\/span><\/p>\n<div><span style=\"font-family: trebuchet ms,geneva;\"><span style=\"font-size: medium;\"> <\/span><\/span><span style=\"font-family: TimesNewRomanPSMT;\"><span style=\"font-family: trebuchet ms,geneva;\"><span style=\"font-size: medium;\"><br \/>\n<\/span><\/span><\/span><span style=\"FONT-FAMILY: trebuchet ms,geneva\"><span style=\"FONT-SIZE: medium\"><strong>Rutiner<\/strong><\/span><\/span><\/div>\n<table border=\"0\" align=\"left\">\n<thead>\n<tr align=\"left\" valign=\"middle\">\n<td><span style=\"font-size: medium;\"><span style=\"font-family: trebuchet ms,geneva;\"><strong>Beskrivning<\/strong><\/span><\/span><\/td>\n<td><span style=\"font-size: medium;\"><span style=\"font-family: trebuchet ms,geneva;\"><span style=\"font-size: medium;\"><strong>Ansvarig<\/strong><\/span><\/span><\/span><\/td>\n<td><span style=\"font-size: medium;\"><span style=\"font-family: trebuchet ms,geneva;\"><span style=\"font-size: medium;\"><strong>St\u00f6dprocess \/ Dokument<\/strong><\/span><\/span><\/span><\/td>\n<\/tr>\n<tr align=\"left\" valign=\"middle\">\n<td><span style=\"font-size: medium;\"><span style=\"font-family: trebuchet ms,geneva;\"><span style=\"font-size: medium;\">Dagligt underh\u00e5ll <\/span><\/span><\/span><\/td>\n<td><span style=\"font-size: medium;\">Respektive pilot <\/span><\/td>\n<td><span style=\"font-size: medium;\"><a href=\" http:\/\/flygplats.sjoboflyg.se\/?page_id=441 \">Daglig dr\u00e4nering<\/a><\/span><\/td>\n<\/tr>\n<tr align=\"left\" valign=\"middle\">\n<td><span style=\"font-size: medium;\"><span style=\"font-family: trebuchet ms,geneva;\"><span style=\"font-size: medium;\">Dr\u00e4nering och undeh\u00e5ll av tank och filter <\/span><\/span><\/span><\/td>\n<td><span style=\"font-size: medium;\">Tankansvarig<\/span><\/td>\n<td><span style=\"font-size: medium;\"><a href=\"http:\/\/flygplats.sjoboflyg.se\/?page_id=583 \">Filterunderh\u00e5ll<br \/>\nDr\u00e4nering tank<br \/>\nDr\u00e4nering filter<br \/>\nDr\u00e4nering invallning<br \/>\nPeriodiska tillsyner<\/a><\/span><\/td>\n<\/tr>\n<tr align=\"left\" valign=\"middle\">\n<td><span style=\"font-size: medium;\"><span style=\"font-family: trebuchet ms,geneva;\"><span style=\"font-size: medium;\">Kontroll av r\u00e4kneverk<\/span><\/span><\/span><\/td>\n<td><span style=\"font-size: medium;\">Tankansvarig<\/span><\/td>\n<td><span style=\"font-size: medium;\"><a href=\"http:\/\/flygplats.sjoboflyg.se\/?page_id=590 \">Kr\u00f6ning r\u00e4kneverk<\/a><\/span><\/td>\n<\/tr>\n<tr>\n<td><span style=\"font-family: trebuchet ms,geneva;\"><span style=\"font-size: medium;\">Kompetens tankansvarig<\/span><\/span><\/td>\n<td><span style=\"font-family: trebuchet ms,geneva;\"><span style=\"font-size: medium;\">Flygplatschefen<\/span><\/span><\/td>\n<td><span style=\"font-family: trebuchet ms,geneva;\"><span style=\"font-size: medium;\"><a href=\"http:\/\/flygplats.sjoboflyg.se\/?page_id=597\">Utbildning tankansvarig<\/a><\/span><\/span><\/td>\n<\/tr>\n<\/thead>\n<tbody><\/tbody>\n<\/table>\n<\/div>\n","protected":false},"excerpt":{"rendered":"<p>Process\u00e4gare: Flygplatschefen Syfte S\u00e4kerst\u00e4lla att lagring och distribution av flygbr\u00e4nsle sker enligt g\u00e4llande regler och f\u00f6rordningar. Omfattning Tankanl\u00e4ggningen \u00e4gs av Hjelmco Oil AB. Sj\u00f6bo Flygklubb administrera och underh\u00e5ller anl\u00e4ggningen. Enligt \u00a710 i Sj\u00f6bo Flygklubbs stadgar (val av befattningshavare) utser ordinarie \u00e5rsm\u00f6te tankansvarig. AVGAS 91\/96 distribueras\u00a0till operat\u00f6rer p\u00e5 flygplatsen samt f\u00f6rs\u00e4ljning till g\u00e4stande flygplan. Anl\u00e4ggningen \u00e4r [&hellip;]<\/p>\n","protected":false},"author":2,"featured_media":0,"parent":0,"menu_order":0,"comment_status":"closed","ping_status":"closed","template":"page-without-sidebar.php","meta":{"footnotes":""},"class_list":["post-69","page","type-page","status-publish","hentry"],"_links":{"self":[{"href":"https:\/\/flygplats.sjoboflyg.se\/index.php?rest_route=\/wp\/v2\/pages\/69","targetHints":{"allow":["GET"]}}],"collection":[{"href":"https:\/\/flygplats.sjoboflyg.se\/index.php?rest_route=\/wp\/v2\/pages"}],"about":[{"href":"https:\/\/flygplats.sjoboflyg.se\/index.php?rest_route=\/wp\/v2\/types\/page"}],"author":[{"embeddable":true,"href":"https:\/\/flygplats.sjoboflyg.se\/index.php?rest_route=\/wp\/v2\/users\/2"}],"replies":[{"embeddable":true,"href":"https:\/\/flygplats.sjoboflyg.se\/index.php?rest_route=%2Fwp%2Fv2%2Fcomments&post=69"}],"version-history":[{"count":34,"href":"https:\/\/flygplats.sjoboflyg.se\/index.php?rest_route=\/wp\/v2\/pages\/69\/revisions"}],"predecessor-version":[{"id":299,"href":"https:\/\/flygplats.sjoboflyg.se\/index.php?rest_route=\/wp\/v2\/pages\/69\/revisions\/299"}],"wp:attachment":[{"href":"https:\/\/flygplats.sjoboflyg.se\/index.php?rest_route=%2Fwp%2Fv2%2Fmedia&parent=69"}],"curies":[{"name":"wp","href":"https:\/\/api.w.org\/{rel}","templated":true}]}}