{"id":820,"date":"2010-01-16T13:18:13","date_gmt":"2010-01-16T11:18:13","guid":{"rendered":"http:\/\/flygplats.sjoboflyg.se\/?page_id=820"},"modified":"2010-01-19T23:34:06","modified_gmt":"2010-01-19T21:34:06","slug":"inspektion-segelflygstraket","status":"publish","type":"page","link":"https:\/\/flygplats.sjoboflyg.se\/?page_id=820","title":{"rendered":"Inspektion"},"content":{"rendered":"<div>\n<p><em>Process\u00e4gare: F\u00e4ltgruppen MSFK<\/em><\/p>\n<table border=\"0\" align=\"left\">\n<tbody>\n<tr>\n<td><span style=\"font-size: medium;\"><span style=\"font-family: trebuchet ms,geneva;\"><strong>Observation<\/strong><\/span><\/span><\/td>\n<td><span style=\"font-size: medium;\"><span style=\"font-family: trebuchet ms,geneva;\"><strong>\u00c5tg\u00e4rd<\/strong><\/span><\/span><\/td>\n<\/tr>\n<tr>\n<td><span style=\"font-size: medium;\"><span style=\"font-family: trebuchet ms,geneva;\">Viltskador<\/span><\/span><\/td>\n<td><span style=\"font-size: medium;\"><span style=\"font-family: trebuchet ms,geneva;\">Mullvadsh\u00f6gar krattas ut, vildsvinsskador &#8221;pusslas ihop&#8221;<br \/>\n<\/span><\/span><\/td>\n<\/tr>\n<tr>\n<td><span style=\"font-size: medium;\"><span style=\"font-family: trebuchet ms,geneva;\">Gr\u00e4set b\u00f6r ej \u00f6verstiga 10 cm <\/span><\/span><\/td>\n<td><span style=\"font-size: medium;\"><span style=\"font-family: trebuchet ms,geneva;\">Rapportera att det \u00e4r dags f\u00f6r klippning<\/span><\/span><\/td>\n<\/tr>\n<tr>\n<td><span style=\"font-size: medium;\"><span style=\"font-family: trebuchet ms,geneva;\">Andra skador och s\u00e4ttningar, speciellt vid korsande st\u00f6rre r\u00f6rledning<\/span><\/span><\/td>\n<td><span style=\"font-size: medium;\"><span style=\"font-family: trebuchet ms,geneva;\">Avl\u00e4gsna fr\u00e4mmande f\u00f6rem\u00e5l, rapportera markskador <\/span><br \/>\n<\/span><\/td>\n<\/tr>\n<tr>\n<td><span style=\"font-size: medium;\"><span style=\"font-family: trebuchet ms,geneva;\">\u00c4r elst\u00e4ngslet intakt<br \/>\n<\/span><\/span><\/td>\n<td><span style=\"font-size: medium;\"><span style=\"font-family: trebuchet ms,geneva;\">Reparera skadade delar eller kontakta omg\u00e5ende\u00a0 f\u00e4ltgruppen MSFK<\/span><\/span><\/td>\n<\/tr>\n<tr>\n<td><\/td>\n<td><span style=\"font-size: medium;\"><span style=\"font-family: trebuchet ms,geneva;\">Skriv rapport efter avslutad inspektion<\/span><\/span><\/td>\n<\/tr>\n<\/tbody>\n<\/table>\n<\/div>\n","protected":false},"excerpt":{"rendered":"<p>Process\u00e4gare: F\u00e4ltgruppen MSFK Observation \u00c5tg\u00e4rd Viltskador Mullvadsh\u00f6gar krattas ut, vildsvinsskador &#8221;pusslas ihop&#8221; Gr\u00e4set b\u00f6r ej \u00f6verstiga 10 cm Rapportera att det \u00e4r dags f\u00f6r klippning Andra skador och s\u00e4ttningar, speciellt vid korsande st\u00f6rre r\u00f6rledning Avl\u00e4gsna fr\u00e4mmande f\u00f6rem\u00e5l, rapportera markskador \u00c4r elst\u00e4ngslet intakt Reparera skadade delar eller kontakta omg\u00e5ende\u00a0 f\u00e4ltgruppen MSFK Skriv rapport efter avslutad inspektion<\/p>\n","protected":false},"author":2,"featured_media":0,"parent":64,"menu_order":0,"comment_status":"closed","ping_status":"closed","template":"page-without-sidebar.php","meta":{"footnotes":""},"class_list":["post-820","page","type-page","status-publish","hentry"],"_links":{"self":[{"href":"https:\/\/flygplats.sjoboflyg.se\/index.php?rest_route=\/wp\/v2\/pages\/820","targetHints":{"allow":["GET"]}}],"collection":[{"href":"https:\/\/flygplats.sjoboflyg.se\/index.php?rest_route=\/wp\/v2\/pages"}],"about":[{"href":"https:\/\/flygplats.sjoboflyg.se\/index.php?rest_route=\/wp\/v2\/types\/page"}],"author":[{"embeddable":true,"href":"https:\/\/flygplats.sjoboflyg.se\/index.php?rest_route=\/wp\/v2\/users\/2"}],"replies":[{"embeddable":true,"href":"https:\/\/flygplats.sjoboflyg.se\/index.php?rest_route=%2Fwp%2Fv2%2Fcomments&post=820"}],"version-history":[{"count":6,"href":"https:\/\/flygplats.sjoboflyg.se\/index.php?rest_route=\/wp\/v2\/pages\/820\/revisions"}],"predecessor-version":[{"id":823,"href":"https:\/\/flygplats.sjoboflyg.se\/index.php?rest_route=\/wp\/v2\/pages\/820\/revisions\/823"}],"up":[{"embeddable":true,"href":"https:\/\/flygplats.sjoboflyg.se\/index.php?rest_route=\/wp\/v2\/pages\/64"}],"wp:attachment":[{"href":"https:\/\/flygplats.sjoboflyg.se\/index.php?rest_route=%2Fwp%2Fv2%2Fmedia&parent=820"}],"curies":[{"name":"wp","href":"https:\/\/api.w.org\/{rel}","templated":true}]}}